{"id":3114,"date":"2017-01-10T23:06:01","date_gmt":"2017-01-10T23:06:01","guid":{"rendered":"https:\/\/olddanube.com\/home-product-landing-2\/"},"modified":"2023-10-02T09:49:16","modified_gmt":"2023-10-02T09:49:16","slug":"home-product-landing-2","status":"publish","type":"page","link":"https:\/\/olddanube.com\/hu\/","title":{"rendered":"Home \u2014 Product Landing 2 ENG"},"content":{"rendered":"<div data-vc-parallax=\"1.5\" class=\"vc_row wpb_row vc_row-fluid header vc_custom_1673276391959 vc_row-has-fill vc_row-o-full-height vc_row-o-columns-middle vc_row-o-content-middle vc_row-flex vc_general vc_parallax vc_parallax-content-moving\"><div class=\"wpb_column vc_column_container vc_col-sm-12\"><div class=\"vc_column-inner\"><div class=\"wpb_wrapper\">\n\t<div class=\"wpb_text_column wpb_content_element  homeslider-header-text\" >\n\t\t<div class=\"wpb_wrapper\">\n\t\t\t<h1><span style=\"color: #ffffff;\"><span style=\"font-size: 94px;\">A legink\u00e1bb elhivatottak eszk\u00f6ze<\/span><\/span><\/h1>\n\n\t\t<\/div>\n\t<\/div>\n<div class=\"vc_row wpb_row vc_inner vc_row-fluid vc_row-o-content-bottom vc_row-flex\"><div class=\"wpb_column vc_column_container vc_col-sm-12\"><div class=\"vc_column-inner\"><div class=\"wpb_wrapper\">\n\t<div class=\"wpb_text_column wpb_content_element  homeslider-paragraph-text\" >\n\t\t<div class=\"wpb_wrapper\">\n\t\t\t<p><span style=\"color: #ffffff;\">Nem csak egy ergom\u00e9ter. Az Old Danube k\u00fcldet\u00e9s\u00e9nek a sportol\u00f3kkal val\u00f3 egy\u00fcttm\u0171k\u00f6d\u00e9s is r\u00e9sze, \u00edgy lett sz\u00e1munkra fejleszt\u00e9s folyamata csapatmunka. M\u00e9rn\u00f6ki fejleszt\u0151 projektben a leg\u00e9leth\u0171bb \u00e9rz\u00e9s el\u00e9r\u00e9s\u00e9t megc\u00e9lozzuk meg.<br \/>\nHossz\u00fa \u00e9s folyamatos fejleszt\u00e9s eredm\u00e9nye a r\u00e9szleteiben is cs\u00facsmin\u0151s\u00e9g\u0171, Old Danube edz\u0151g\u00e9p, amely profik sz\u00e1m\u00e1ra is a legmagasabb szint\u0171 edz\u00e9s lehet\u0151s\u00e9g\u00e9t biztos\u00edtja.<br \/>\n<\/span><\/p>\n\n\t\t<\/div>\n\t<\/div>\n<\/div><\/div><\/div><\/div><\/div><\/div><\/div><\/div><div data-vc-full-width=\"true\" data-vc-full-width-init=\"false\" data-vc-stretch-content=\"true\" class=\"vc_row wpb_row vc_row-fluid akarcsak-vizen-lenne vc_custom_1570003602524 vc_row-has-fill vc_row-no-padding\"><div class=\"wpb_column vc_column_container vc_col-sm-12 vc_col-has-fill\"><div class=\"vc_column-inner vc_custom_1576098528481\"><div class=\"wpb_wrapper\"><div class=\"vc_row wpb_row vc_inner vc_row-fluid vc_custom_1568055263733 vc_row-has-fill vc_row-o-content-middle vc_row-flex\"><div class=\"wpb_column vc_column_container vc_col-sm-4\"><div class=\"vc_column-inner vc_custom_1570003803604\"><div class=\"wpb_wrapper\">\n\t<div class=\"wpb_text_column wpb_content_element\" >\n\t\t<div class=\"wpb_wrapper\">\n\t\t\t<h3>Ak\u00e1rcsak v\u00edzen lenne\u2026<\/h3>\n\n\t\t<\/div>\n\t<\/div>\n\n\t<div class=\"wpb_text_column wpb_content_element\" >\n\t\t<div class=\"wpb_wrapper\">\n\t\t\t<p><span style=\"font-weight: 400;\">Az Old Danube-bal fedett t\u00e9rben is evezhet, de a tervez\u00e9s sor\u00e1n c\u00e9l volt, hogy olyan \u00e9rz\u00e9st ny\u00fajtson, mintha egy haj\u00f3ban evezne.<\/span><\/p>\n\n\t\t<\/div>\n\t<\/div>\n<div class=\"vc_btn3-container  kek_gomb vc_btn3-center\" ><a class=\"vc_general vc_btn3 vc_btn3-size-lg vc_btn3-shape-rounded vc_btn3-style-classic vc_btn3-color-primary\" href=\"https:\/\/apps.apple.com\/hu\/app\/ergoholic\/id1588928549\" title=\"Ergoholic iOS app\" target=\"_blank\">Ergoholic iOS app<\/a><\/div><\/div><\/div><\/div><div class=\"wpb_column vc_column_container vc_col-sm-7 vc_col-has-fill\"><div class=\"vc_column-inner vc_custom_1568055383003\"><div class=\"wpb_wrapper\">\n\t<div  class=\"wpb_single_image wpb_content_element vc_align_center\">\n\t\t\n\t\t<figure class=\"wpb_wrapper vc_figure\">\n\t\t\t<div class=\"vc_single_image-wrapper   vc_box_border_grey\"><img width=\"698\" height=\"357\" src=\"https:\/\/olddanube.com\/wp-content\/uploads\/2021\/11\/Ergoholic_QR_matrica_horizontal-removebg-2.png\" class=\"vc_single_image-img attachment-large\" alt=\"\" loading=\"lazy\" srcset=\"https:\/\/olddanube.com\/wp-content\/uploads\/2021\/11\/Ergoholic_QR_matrica_horizontal-removebg-2.png 698w, https:\/\/olddanube.com\/wp-content\/uploads\/2021\/11\/Ergoholic_QR_matrica_horizontal-removebg-2-300x153.png 300w, https:\/\/olddanube.com\/wp-content\/uploads\/2021\/11\/Ergoholic_QR_matrica_horizontal-removebg-2-600x307.png 600w\" sizes=\"(max-width: 698px) 100vw, 698px\" \/><\/div>\n\t\t<\/figure>\n\t<\/div>\n<\/div><\/div><\/div><\/div><\/div><\/div><\/div><\/div><div class=\"vc_row-full-width vc_clearfix\"><\/div><div data-vc-full-width=\"true\" data-vc-full-width-init=\"false\" data-vc-stretch-content=\"true\" class=\"vc_row wpb_row vc_row-fluid manualis_magassag vc_custom_1673275434891 vc_row-has-fill vc_row-no-padding vc_row-o-content-middle vc_row-flex\"><div class=\"wpb_column vc_column_container vc_col-sm-12\"><div class=\"vc_column-inner vc_custom_1673274823247\"><div class=\"wpb_wrapper\">\n\t<div class=\"wpb_text_column wpb_content_element  vc_custom_1673274261433\" >\n\t\t<div class=\"wpb_wrapper\">\n\t\t\t<h2 style=\"text-align: right;\"><span style=\"color: #ffffff;\">Mozg\u00e1s v\u00edzen \u00e9s sz\u00e1razf\u00f6ld\u00f6n<\/span><\/h2>\n\n\t\t<\/div>\n\t<\/div>\n<\/div><\/div><\/div><\/div><div class=\"vc_row-full-width vc_clearfix\"><\/div><div data-vc-full-width=\"true\" data-vc-full-width-init=\"false\" data-vc-stretch-content=\"true\" class=\"vc_row wpb_row vc_row-fluid egyenre-szabhato-beallutasi-lehetosegek vc_custom_1602946953385 vc_row-has-fill vc_row-o-equal-height vc_row-o-content-middle vc_row-flex\"><div class=\"wpb_column vc_column_container vc_col-sm-7\"><div class=\"vc_column-inner vc_custom_1603351674933\"><div class=\"wpb_wrapper\">\n\t<div class=\"wpb_text_column wpb_content_element\" >\n\t\t<div class=\"wpb_wrapper\">\n\t\t\t<h3>Egy\u00e9nre szabhat\u00f3 be\u00e1ll\u00edt\u00e1si lehet\u0151s\u00e9gek \u00e9s teljes\u00edtm\u00e9nym\u00e9r\u00e9s a kimagasl\u00f3 eredm\u00e9nyek\u00e9rt.<\/h3>\n\n\t\t<\/div>\n\t<\/div>\n\n\t<div class=\"wpb_text_column wpb_content_element\" >\n\t\t<div class=\"wpb_wrapper\">\n\t\t\t<p class=\" translation-block\">Az ergom\u00e9terek be\u00e1ll\u00edt\u00e1si lehet\u0151s\u00e9geinek egyik c\u00e9lja, hogy a sportol\u00f3 a v\u00edzen evez\u00e9shez legk\u00f6zelebbi \u00e9rz\u00e9st is megkaphassa, de az egy\u00e9ni be\u00e1ll\u00edt\u00e1si lehet\u0151s\u00e9gekkel megval\u00f3sulhasson a c\u00e9lzott fejleszt\u00e9s, edz\u00e9s is. A be\u00e1ll\u00edt\u00e1si lehet\u0151s\u00e9gek teljes\u00edtm\u00e9nym\u00e9r\u00e9ssel val\u00f3 kombin\u00e1l\u00e1sa seg\u00edti, hogy a sportol\u00f3 megtal\u00e1lja az \u00f6nmag\u00e1hoz m\u00e9rt leghat\u00e9konyabb mozg\u00e1st.<\/p>\n<p class=\" translation-block\">Az \u00fcl\u00e9sn\u00e9l 40 cm-rel magasabban vannak a g\u00f6rg\u0151k, \u00e1ll\u00edthat\u00f3 a l\u00e1bt\u00e1masz, a tengely hossza, az \u00fcl\u00e9s magass\u00e1ga \u00e9s az ellen\u00e1ll\u00e1s is - kem\u00e9nyebben is lehet h\u00fazni, mint egy sprint kajakot. A l\u00e1bt\u00e1masz \u00e9s az \u00fcl\u00e9s \u00fagy lett kialak\u00edtva, hogy a versenyz\u0151k a v\u00edzen haszn\u00e1lt haj\u00f3juk l\u00e1bt\u00e1masz\u00e1t \u00e9s \u00fcl\u00e9s\u00e9t is fel lehessen r\u00e1 tenni \u2013 Nelo kompatibilisek. Az Argustress teljes\u00edtm\u00e9nym\u00e9r\u0151vel egy\u00fctt \u00f6sszehasonl\u00edthat\u00f3 \u00e9s pontos visszajelz\u00e9st ad a sportol\u00f3 fejl\u0151d\u00e9s\u00e9r\u0151l, fizikai \u00e1llapot\u00e1r\u00f3l, a k\u00fcl\u00f6nb\u00f6z\u0151 technik\u00e1k k\u00f6z\u00f6tti eredm\u00e9nyk\u00fcl\u00f6nbs\u00e9gr\u0151l.<\/p>\n<p><span style=\"font-weight: 400;\">\u00c9l\u0151 v\u00edzen az id\u0151j\u00e1r\u00e1st\u00f3l f\u00fcgg\u0151en lehet edzeni. Azon k\u00edv\u00fcl j\u00f6nnek a k\u00fclf\u00f6ldi edz\u0151t\u00e1borok, az edz\u0151termi tr\u00e9ningek, esetleg tanmedence \u00e9s az ergom\u00e9ter. Egy OD ergom\u00e9ter 12 \u00e9vnyi fejleszt\u00e9se miatt m\u00e1r alternat\u00edv\u00e1ja az \u00e9l\u0151 v\u00edzen evez\u00e9snek. <\/span><b>El\u0151nye az edz\u00e9sben,<\/b><span style=\"font-weight: 400;\"> hogy a sprint haj\u00f3kn\u00e1l er\u0151sebb ellen\u00e1ll\u00e1sra is k\u00e9pes. A k\u00f6t\u00e9l g\u00f6rg\u0151inek megemel\u00e9se \u00e9leth\u0171bb\u00e9 teszi az evez\u00e9s \u00e9rz\u00e9s\u00e9t.<\/span><\/p>\n<p><span style=\"font-weight: 400;\">Az Old Danube ergom\u00e9ter nem csak az, aminek l\u00e1tszik. Els\u0151sorban persze egy edz\u0151g\u00e9p. <\/span><b>De \u00f6sszes<\/b><span style=\"font-weight: 400;\"> r\u00e9szlet\u00e9ben megjelenik tervez\u0151j\u00e9nek szenved\u00e9lye a kajakoz\u00e1s \u00e9s az ergom\u00e9ter ir\u00e1nt. Minden eleme k\u00f6zel 10 \u00e9ves kitart\u00f3 fejleszt\u00e9s eredm\u00e9nye. <\/span><b>Ha nem volna nagyon elcs\u00e9pelt,<\/b><span style=\"font-weight: 400;\"> azt is mondhatn\u00e1nk, az OD egy k\u00e9zm\u0171ves ergom\u00e9ter, amelyet addig fejlesztett, t\u00f6k\u00e9letes\u00edtett meg\u00e1lmod\u00f3ja, am\u00edg ma m\u00e1r k\u00e9pes arra, hogy v\u00edzi tr\u00e9nginghez nagyon hasonl\u00f3 \u00e9lm\u00e9nyt ny\u00fajtson- \u00e9rz\u00e9sben \u00e9s hat\u00e9konys\u00e1gban is. B\u00e1rhol fel\u00e1ll\u00edthat\u00f3, egy\u00e9ni be\u00e1ll\u00edt\u00e1sokkal szem\u00e9lyre szabhat\u00f3, m\u00e9g a l\u00e9gellen\u00e1ll\u00e1s er\u0151ss\u00e9ge is szab\u00e1lyozhat\u00f3, ez\u00e1ltal a hagyom\u00e1nyosn\u00e1l kem\u00e9nyebben is edzhet\u00fcnk vele.<\/span><\/p>\n\n\t\t<\/div>\n\t<\/div>\n<div class=\"vc_btn3-container  kek_gomb vc_btn3-left\" ><a class=\"vc_general vc_btn3 vc_btn3-size-lg vc_btn3-shape-rounded vc_btn3-style-classic vc_btn3-color-primary\" href=\"https:\/\/olddanube.com\/hu\/shop\/\" title=\"Shop\">EXPLORE Old Danube shop<\/a><\/div><\/div><\/div><\/div><div class=\"wpb_column vc_column_container vc_col-sm-5\"><div class=\"vc_column-inner\"><div class=\"wpb_wrapper\">\n\t<div  class=\"wpb_single_image wpb_content_element vc_align_center\">\n\t\t\n\t\t<figure class=\"wpb_wrapper vc_figure\">\n\t\t\t<div class=\"vc_single_image-wrapper   vc_box_border_grey\"><img width=\"1797\" height=\"1798\" src=\"https:\/\/olddanube.com\/wp-content\/uploads\/2021\/11\/001_OD_ergo_20201115_03.png\" class=\"vc_single_image-img attachment-full\" alt=\"\" loading=\"lazy\" srcset=\"https:\/\/olddanube.com\/wp-content\/uploads\/2021\/11\/001_OD_ergo_20201115_03.png 1797w, https:\/\/olddanube.com\/wp-content\/uploads\/2021\/11\/001_OD_ergo_20201115_03-300x300.png 300w, https:\/\/olddanube.com\/wp-content\/uploads\/2021\/11\/001_OD_ergo_20201115_03-1024x1024.png 1024w, https:\/\/olddanube.com\/wp-content\/uploads\/2021\/11\/001_OD_ergo_20201115_03-150x150.png 150w, https:\/\/olddanube.com\/wp-content\/uploads\/2021\/11\/001_OD_ergo_20201115_03-768x768.png 768w, https:\/\/olddanube.com\/wp-content\/uploads\/2021\/11\/001_OD_ergo_20201115_03-1536x1536.png 1536w, https:\/\/olddanube.com\/wp-content\/uploads\/2021\/11\/001_OD_ergo_20201115_03-600x600.png 600w, https:\/\/olddanube.com\/wp-content\/uploads\/2021\/11\/001_OD_ergo_20201115_03-100x100.png 100w\" sizes=\"(max-width: 1797px) 100vw, 1797px\" \/><\/div>\n\t\t<\/figure>\n\t<\/div>\n<\/div><\/div><\/div><\/div><div class=\"vc_row-full-width vc_clearfix\"><\/div><div class=\"vc_row wpb_row vc_row-fluid vc_custom_1568058644137 vc_row-has-fill vc_row-o-content-middle vc_row-flex\"><div class=\"wpb_column vc_column_container vc_col-sm-6\"><div class=\"vc_column-inner vc_custom_1568058340915\"><div class=\"wpb_wrapper\">\n\t<div class=\"wpb_text_column wpb_content_element\" >\n\t\t<div class=\"wpb_wrapper\">\n\t\t\t<h3><span style=\"color: #ffffff;\">Ha b\u00e1rmi k\u00e9rd\u00e9sed van, \u00edrj nek\u00fcnk!<\/span><\/h3>\n\n\t\t<\/div>\n\t<\/div>\n<\/div><\/div><\/div><div class=\"wpb_column vc_column_container vc_col-sm-6\"><div class=\"vc_column-inner vc_custom_1568058554841\"><div class=\"wpb_wrapper\"><div role=\"form\" class=\"wpcf7\" id=\"wpcf7-f3120-o1\" lang=\"hu-HU\" dir=\"ltr\">\n<div class=\"screen-reader-response\"><p role=\"status\" aria-live=\"polite\" aria-atomic=\"true\"><\/p> <ul><\/ul><\/div>\n<form action=\"\/hu\/wp-json\/wp\/v2\/pages\/3114#wpcf7-f3120-o1\" method=\"post\" class=\"wpcf7-form init\" novalidate=\"novalidate\" data-status=\"init\" data-trp-original-action=\"\/hu\/wp-json\/wp\/v2\/pages\/3114#wpcf7-f3120-o1\">\n<div style=\"display: none;\">\n<input type=\"hidden\" name=\"_wpcf7\" value=\"3120\" \/>\n<input type=\"hidden\" name=\"_wpcf7_version\" value=\"5.5.6.1\" \/>\n<input type=\"hidden\" name=\"_wpcf7_locale\" value=\"hu_HU\" \/>\n<input type=\"hidden\" name=\"_wpcf7_unit_tag\" value=\"wpcf7-f3120-o1\" \/>\n<input type=\"hidden\" name=\"_wpcf7_container_post\" value=\"0\" \/>\n<input type=\"hidden\" name=\"_wpcf7_posted_data_hash\" value=\"\" \/>\n<input type=\"hidden\" name=\"_wpcf7_recaptcha_response\" value=\"\" \/>\n<\/div>\n<p><span class=\"wpcf7-form-control-wrap your-name\"><input type=\"text\" name=\"your-name\" value=\"\" size=\"40\" class=\"wpcf7-form-control wpcf7-text wpcf7-validates-as-required\" aria-required=\"true\" aria-invalid=\"false\" placeholder=\"n\u00e9v\" \/><\/span> <\/p>\n<p>    <span class=\"wpcf7-form-control-wrap your-email\"><input type=\"email\" name=\"your-email\" value=\"\" size=\"40\" class=\"wpcf7-form-control wpcf7-text wpcf7-email wpcf7-validates-as-required wpcf7-validates-as-email\" aria-required=\"true\" aria-invalid=\"false\" placeholder=\"email\" \/><\/span> <\/p>\n<p>    <span class=\"wpcf7-form-control-wrap your-message\"><textarea name=\"your-message\" cols=\"40\" rows=\"10\" class=\"wpcf7-form-control wpcf7-textarea\" aria-invalid=\"false\" placeholder=\"\u00fczenet\"><\/textarea><\/span> <\/p>\n<p><input type=\"submit\" value=\"K\u00fcld\u00e9s\" class=\"wpcf7-form-control has-spinner wpcf7-submit\" \/><\/p>\n<div class=\"wpcf7-response-output\" aria-hidden=\"true\"><\/div><input type=\"hidden\" name=\"trp-form-language\" value=\"hu\"\/><\/form><\/div><\/div><\/div><\/div><\/div>","protected":false},"excerpt":{"rendered":"<p>One of the goals of ergometer setup is to provide the athlete with the feeling closest to paddling on the water, yet with customizable options for targeted development and training. The combination of the adjustment options with performance measurement helps the athletes to find the most effective movement for themselves. The rollers are 40 cm [&hellip;]<\/p>","protected":false},"author":1,"featured_media":0,"parent":0,"menu_order":0,"comment_status":"closed","ping_status":"closed","template":"page-full-width.php","meta":[],"_links":{"self":[{"href":"https:\/\/olddanube.com\/hu\/wp-json\/wp\/v2\/pages\/3114"}],"collection":[{"href":"https:\/\/olddanube.com\/hu\/wp-json\/wp\/v2\/pages"}],"about":[{"href":"https:\/\/olddanube.com\/hu\/wp-json\/wp\/v2\/types\/page"}],"author":[{"embeddable":true,"href":"https:\/\/olddanube.com\/hu\/wp-json\/wp\/v2\/users\/1"}],"replies":[{"embeddable":true,"href":"https:\/\/olddanube.com\/hu\/wp-json\/wp\/v2\/comments?post=3114"}],"version-history":[{"count":62,"href":"https:\/\/olddanube.com\/hu\/wp-json\/wp\/v2\/pages\/3114\/revisions"}],"predecessor-version":[{"id":9493,"href":"https:\/\/olddanube.com\/hu\/wp-json\/wp\/v2\/pages\/3114\/revisions\/9493"}],"wp:attachment":[{"href":"https:\/\/olddanube.com\/hu\/wp-json\/wp\/v2\/media?parent=3114"}],"curies":[{"name":"wp","href":"https:\/\/api.w.org\/{rel}","templated":true}]}}