{"id":3141,"date":"2017-01-10T14:44:03","date_gmt":"2017-01-10T14:44:03","guid":{"rendered":"https:\/\/olddanube.com\/gyik\/"},"modified":"2021-12-01T15:11:07","modified_gmt":"2021-12-01T15:11:07","slug":"faq","status":"publish","type":"page","link":"https:\/\/olddanube.com\/hu\/faq\/","title":{"rendered":"GYIK"},"content":{"rendered":"<div class=\"vc_row wpb_row vc_row-fluid vc_custom_1487365316112\"><div class=\"wpb_column vc_column_container vc_col-sm-12\"><div class=\"vc_column-inner\"><div class=\"wpb_wrapper\"><div class=\"vc_tta-container\" data-vc-action=\"collapse\"><div class=\"vc_general vc_tta vc_tta-accordion vc_tta-color-grey vc_tta-style-classic vc_tta-shape-rounded vc_tta-o-shape-group vc_tta-controls-align-left\"><div class=\"vc_tta-panels-container\"><div class=\"vc_tta-panels\"><div class=\"vc_tta-panel vc_active\" id=\"1572249278144-5d930c7b-ae8a\" data-vc-content=\".vc_tta-panel-body\"><div class=\"vc_tta-panel-heading\"><h4 class=\"vc_tta-panel-title vc_tta-controls-icon-position-left\"><a href=\"#1572249278144-5d930c7b-ae8a\" data-vc-accordion data-vc-container=\".vc_tta-container\"><span class=\"vc_tta-title-text\">Mi az Old Danube?<\/span><i class=\"vc_tta-controls-icon vc_tta-controls-icon-plus\"><\/i><\/a><\/h4><\/div><div class=\"vc_tta-panel-body\">\n\t<div class=\"wpb_text_column wpb_content_element\" >\n\t\t<div class=\"wpb_wrapper\">\n\t\t\t<p><i><span style=\"font-weight: 400;\">Hossz\u00fa \u00e9s folyamatos fejleszt\u00e9s eredm\u00e9nye a r\u00e9szleteiben is cs\u00facsmin\u0151s\u00e9g\u0171, Old Danube edz\u0151g\u00e9p, amely profik sz\u00e1m\u00e1ra is a legmagasabb szint\u0171 edz\u00e9s lehet\u0151s\u00e9g\u00e9t biztos\u00edtja.<\/span><\/i><\/p>\n\n\t\t<\/div>\n\t<\/div>\n<\/div><\/div><div class=\"vc_tta-panel\" id=\"1572249278162-3697f0bd-8c85\" data-vc-content=\".vc_tta-panel-body\"><div class=\"vc_tta-panel-heading\"><h4 class=\"vc_tta-panel-title vc_tta-controls-icon-position-left\"><a href=\"#1572249278162-3697f0bd-8c85\" data-vc-accordion data-vc-container=\".vc_tta-container\"><span class=\"vc_tta-title-text\">Mit\u0151l k\u00fcl\u00f6nlegesek az Old Danube ergom\u00e9terek?<\/span><i class=\"vc_tta-controls-icon vc_tta-controls-icon-plus\"><\/i><\/a><\/h4><\/div><div class=\"vc_tta-panel-body\">\n\t<div class=\"wpb_text_column wpb_content_element\" >\n\t\t<div class=\"wpb_wrapper\">\n\t\t\t<p><span style=\"font-weight: 400;\">A be\u00e1ll\u00edt\u00e1si lehet\u0151s\u00e9gek teljes\u00edtm\u00e9nym\u00e9r\u00e9ssel val\u00f3 kombin\u00e1l\u00e1sa seg\u00edti, hogy a sportol\u00f3 megtal\u00e1lja az \u00f6nmag\u00e1hoz m\u00e9rt leghat\u00e9konyabb mozg\u00e1st. A g\u00f6rg\u0151k az \u00fcl\u00e9shez k\u00e9pest 40 cm-rel magasabbra be\u00e1ll\u00edthat\u00f3k, ami nagyon j\u00f3 v\u00edzfog\u00e1s \u00e9rzetet ad, k\u00e9s\u00e9s n\u00e9lk\u00fcl. A l\u00e1bt\u00e1masz, lap\u00e1tny\u00e9l hossza, az \u00fcl\u00e9s magass\u00e1ga \u00e9s az evez\u00e9s ellen\u00e1ll\u00e1s\u00e1nak m\u00e9rt\u00e9ke mind szem\u00e9lyre szabhat\u00f3. Er\u0151nl\u00e9ti edz\u00e9shez ak\u00e1r versenykajakn\u00e1l nagyobb ellen\u00e1ll\u00e1s is haszn\u00e1lhat\u00f3. Ak\u00e1r a saj\u00e1t Nelo \u00fcl\u00e9sedet is felszerelheted az ergom\u00e9terre. A saj\u00e1t Ergoholic applik\u00e1ci\u00f3nk (iOS) pontos visszajelz\u00e9st ny\u00fajt az edz\u00e9sedr\u0151l \u00e9s a fejl\u0151d\u00e9sedr\u0151l.<\/span><\/p>\n<p><span style=\"font-weight: 400;\">Az Old Danube ergom\u00e9ter nem csak az, aminek l\u00e1tszik. Els\u0151sorban persze egy edz\u0151g\u00e9p. De \u00f6sszes r\u00e9szlet\u00e9ben megjelenik tervez\u0151j\u00e9nek szenved\u00e9lye a kajakoz\u00e1s \u00e9s az ergom\u00e9ter ir\u00e1nt. Minden eleme k\u00f6zel 10 \u00e9ves kitart\u00f3 fejleszt\u00e9s eredm\u00e9nye. Ha nem volna nagyon elcs\u00e9pelt, azt is mondhatn\u00e1nk, az OD egy k\u00e9zm\u0171ves ergom\u00e9ter, amelyet addig fejlesztett, t\u00f6k\u00e9letes\u00edtett meg\u00e1lmod\u00f3ja, am\u00edg ma m\u00e1r k\u00e9pes arra, hogy v\u00edzi tr\u00e9nginghez nagyon hasonl\u00f3 \u00e9lm\u00e9nyt ny\u00fajtson- \u00e9rz\u00e9sben \u00e9s hat\u00e9konys\u00e1gban is. B\u00e1rhol fel\u00e1ll\u00edthat\u00f3, egy\u00e9ni be\u00e1ll\u00edt\u00e1sokkal szem\u00e9lyre szabhat\u00f3, m\u00e9g a l\u00e9gellen\u00e1ll\u00e1s er\u0151ss\u00e9ge is szab\u00e1lyozhat\u00f3, ez\u00e1ltal a hagyom\u00e1nyosn\u00e1l kem\u00e9nyebben is edzhet\u00fcnk vele.<\/span><\/p>\n\n\t\t<\/div>\n\t<\/div>\n<\/div><\/div><div class=\"vc_tta-panel\" id=\"1575360915589-d0eb22b5-9bc3\" data-vc-content=\".vc_tta-panel-body\"><div class=\"vc_tta-panel-heading\"><h4 class=\"vc_tta-panel-title vc_tta-controls-icon-position-left\"><a href=\"#1575360915589-d0eb22b5-9bc3\" data-vc-accordion data-vc-container=\".vc_tta-container\"><span class=\"vc_tta-title-text\">Mekkora a megfelel\u0151 lap\u00e1tny\u00e9lhossz sz\u00e1momra?<\/span><i class=\"vc_tta-controls-icon vc_tta-controls-icon-plus\"><\/i><\/a><\/h4><\/div><div class=\"vc_tta-panel-body\">\n\t<div class=\"wpb_text_column wpb_content_element\" >\n\t\t<div class=\"wpb_wrapper\">\n\t\t\t<p>A megfelel\u0151 lap\u00e1tny\u00e9lhossz nagyj\u00e1b\u00f3l a sportol\u00f3 testmagass\u00e1g\u00e1nak 90%-a. A kajak ergom\u00e9terhez egy 160-170 cm k\u00f6z\u00f6tt \u00e1ll\u00edthat\u00f3 hossz\u00fas\u00e1g\u00fa nyelet adunk, ami \u00edgy 178-187 cm testmagass\u00e1ghoz alkalmas. Vedd fel vel\u00fcnk a kapcsolatot egy v\u00e1lasztott hossz\u00fas\u00e1g\u00fa ny\u00e9l beszerz\u00e9s\u00e9hez, ha nem tartozol bele ebbe a magass\u00e1gtartom\u00e1nyba, vagy ak\u00e1r r\u00f6videbbre is f\u0171r\u00e9szelheted a nyelet egy f\u00e9mv\u00e1g\u00f3 k\u00e9zi f\u0171r\u00e9sszel. A k\u00f6t\u00e9l r\u00f6gz\u00edt\u0151 dug\u00f3k h\u0151re l\u00e1gyul\u00f3 ragaszt\u00f3val vannak r\u00f6gz\u00edtve, egyan\u00fagy, mint a lap\u00e1ttollakat szok\u00e1s, teh\u00e1t egy h\u0151l\u00e9gf\u00fav\u00f3val \u00fajra beragaszthat\u00f3k.<\/p>\n\n\t\t<\/div>\n\t<\/div>\n<\/div><\/div><div class=\"vc_tta-panel\" id=\"1575361066786-36684b74-7f91\" data-vc-content=\".vc_tta-panel-body\"><div class=\"vc_tta-panel-heading\"><h4 class=\"vc_tta-panel-title vc_tta-controls-icon-position-left\"><a href=\"#1575361066786-36684b74-7f91\" data-vc-accordion data-vc-container=\".vc_tta-container\"><span class=\"vc_tta-title-text\">Milyen leveg\u0151-ellen\u00e1ll\u00e1si be\u00e1ll\u00edt\u00e1st haszn\u00e1ljak?<\/span><i class=\"vc_tta-controls-icon vc_tta-controls-icon-plus\"><\/i><\/a><\/h4><\/div><div class=\"vc_tta-panel-body\">\n\t<div class=\"wpb_text_column wpb_content_element\" >\n\t\t<div class=\"wpb_wrapper\">\n\t\t\t<p><span style=\"font-weight: 400;\">Nagyj\u00e1b\u00f3l a sk\u00e1la k\u00f6zep\u00e9n van az az ellen\u00e1ll\u00e1s, ami a versenykajakok ellen\u00e1ll\u00e1s\u00e1nak felel meg. A s\u00edkv\u00edzi kajakoknak kisebb az ellen\u00e1ll\u00e1sa, mint egy sz\u00e9lesebb t\u00farakajaknak vagy surfskinek. Egy nagyobb m\u00e9ret\u0171 haj\u00f3 haszn\u00e1l\u00f3ja, mint p\u00e9ld\u00e1ul a Nelo XXL, \u00e1ll\u00edtsa nagyobbra az ellen\u00e1ll\u00e1st, mint aki Nelo M m\u00e9retben evez. A legmagasabb ellen\u00e1ll\u00e1s be\u00e1ll\u00edt\u00e1sok m\u00e1r er\u0151 edz\u00e9snek felelnek meg.<\/span><\/p>\n\n\t\t<\/div>\n\t<\/div>\n<\/div><\/div><div class=\"vc_tta-panel\" id=\"1575361046098-50d7e2c3-09e0\" data-vc-content=\".vc_tta-panel-body\"><div class=\"vc_tta-panel-heading\"><h4 class=\"vc_tta-panel-title vc_tta-controls-icon-position-left\"><a href=\"#1575361046098-50d7e2c3-09e0\" data-vc-accordion data-vc-container=\".vc_tta-container\"><span class=\"vc_tta-title-text\">Alkalmas az ergom\u00e9ter komplex teljes\u00edtm\u00e9nym\u00e9r\u00e9sre sportlaborokban?<\/span><i class=\"vc_tta-controls-icon vc_tta-controls-icon-plus\"><\/i><\/a><\/h4><\/div><div class=\"vc_tta-panel-body\">\n\t<div class=\"wpb_text_column wpb_content_element\" >\n\t\t<div class=\"wpb_wrapper\">\n\t\t\t<p><span style=\"font-weight: 400;\">Yes, you can! All of our available ergometers are designed to meet the standards of the Hungarian Kayak Canoe Federation, both for training and performance measurement.<\/span><\/p>\n\n\t\t<\/div>\n\t<\/div>\n<\/div><\/div><div class=\"vc_tta-panel\" id=\"1575361118420-00643105-a7a7\" data-vc-content=\".vc_tta-panel-body\"><div class=\"vc_tta-panel-heading\"><h4 class=\"vc_tta-panel-title vc_tta-controls-icon-position-left\"><a href=\"#1575361118420-00643105-a7a7\" data-vc-accordion data-vc-container=\".vc_tta-container\"><span class=\"vc_tta-title-text\">Mi az oka, hogy ergom\u00e9teren edz\u00e9s jobb a sport specifikus \u00e1ll\u00f3k\u00e9pess\u00e9ged n\u00f6vel\u00e9s\u00e9re, mint a fut\u00e1s t\u00e9li felk\u00e9sz\u00fcl\u00e9skor?<\/span><i class=\"vc_tta-controls-icon vc_tta-controls-icon-plus\"><\/i><\/a><\/h4><\/div><div class=\"vc_tta-panel-body\">\n\t<div class=\"wpb_text_column wpb_content_element\" >\n\t\t<div class=\"wpb_wrapper\">\n\t\t\t<p><span style=\"font-weight: 400;\">You should use the same muscles during the winter, that you use in your boat. This is why numerous elite athletes do cross country skiing during winter as a outdoor sport, or even using ski ergometer indoor. These are also closer to paddling in term of musle groups than running, but doing kayak\/canoe ergometer workouts indoor is your best option.<\/span><\/p>\n\n\t\t<\/div>\n\t<\/div>\n<\/div><\/div><div class=\"vc_tta-panel\" id=\"1575361097619-00165b93-265b\" data-vc-content=\".vc_tta-panel-body\"><div class=\"vc_tta-panel-heading\"><h4 class=\"vc_tta-panel-title vc_tta-controls-icon-position-left\"><a href=\"#1575361097619-00165b93-265b\" data-vc-accordion data-vc-container=\".vc_tta-container\"><span class=\"vc_tta-title-text\">El\u00e9rhet\u0151ek p\u00f3talkatr\u00e9szek az edz\u0151g\u00e9peinkhez?<\/span><i class=\"vc_tta-controls-icon vc_tta-controls-icon-plus\"><\/i><\/a><\/h4><\/div><div class=\"vc_tta-panel-body\">\n\t<div class=\"wpb_text_column wpb_content_element\" >\n\t\t<div class=\"wpb_wrapper\">\n\t\t\t<p><span style=\"font-weight: 400;\">Igen, p\u00f3talkatr\u00e9szekkel \u00e9s karbantart\u00e1ssal kapcsolatban \u00edrj nek\u00fcnk, \u00e9s tal\u00e1lunk megold\u00e1st!<\/span><\/p>\n\n\t\t<\/div>\n\t<\/div>\n<\/div><\/div><div class=\"vc_tta-panel\" id=\"1575360866651-017c2b44-f49c\" data-vc-content=\".vc_tta-panel-body\"><div class=\"vc_tta-panel-heading\"><h4 class=\"vc_tta-panel-title vc_tta-controls-icon-position-left\"><a href=\"#1575360866651-017c2b44-f49c\" data-vc-accordion data-vc-container=\".vc_tta-container\"><span class=\"vc_tta-title-text\">Van forg\u00f3 \u00fcl\u00e9s opci\u00f3?<\/span><i class=\"vc_tta-controls-icon vc_tta-controls-icon-plus\"><\/i><\/a><\/h4><\/div><div class=\"vc_tta-panel-body\">\n\t<div class=\"wpb_text_column wpb_content_element\" >\n\t\t<div class=\"wpb_wrapper\">\n\t\t\t<p><span style=\"font-weight: 400;\">A kajak ergom\u00e9terhez fix \u00fcl\u00e9s tartozik, de felszerelhet\u0151 r\u00e1 Nelo forg\u00f3 \u00fcl\u00e9s.<\/span><\/p>\n\n\t\t<\/div>\n\t<\/div>\n<\/div><\/div><div class=\"vc_tta-panel\" id=\"1575360896161-0c0943dd-0ff5\" data-vc-content=\".vc_tta-panel-body\"><div class=\"vc_tta-panel-heading\"><h4 class=\"vc_tta-panel-title vc_tta-controls-icon-position-left\"><a href=\"#1575360896161-0c0943dd-0ff5\" data-vc-accordion data-vc-container=\".vc_tta-container\"><span class=\"vc_tta-title-text\">Van billeg\u0151 be\u00fcl\u0151 opci\u00f3?<\/span><i class=\"vc_tta-controls-icon vc_tta-controls-icon-plus\"><\/i><\/a><\/h4><\/div><div class=\"vc_tta-panel-body\">\n\t<div class=\"wpb_text_column wpb_content_element\" >\n\t\t<div class=\"wpb_wrapper\">\n\t\t\t<p><span style=\"font-weight: 400;\">Jelenleg nincs ilyen opci\u00f3nk.<\/span><\/p>\n\n\t\t<\/div>\n\t<\/div>\n<\/div><\/div><div class=\"vc_tta-panel\" id=\"1572249458228-1d48dfbe-fbec\" data-vc-content=\".vc_tta-panel-body\"><div class=\"vc_tta-panel-heading\"><h4 class=\"vc_tta-panel-title vc_tta-controls-icon-position-left\"><a href=\"#1572249458228-1d48dfbe-fbec\" data-vc-accordion data-vc-container=\".vc_tta-container\"><span class=\"vc_tta-title-text\">Mekkora a biztons\u00e1gos haszn\u00e1lathoz sz\u00fcks\u00e9ges ter\u00fclet?<\/span><i class=\"vc_tta-controls-icon vc_tta-controls-icon-plus\"><\/i><\/a><\/h4><\/div><div class=\"vc_tta-panel-body\">\n\t<div class=\"wpb_text_column wpb_content_element\" >\n\t\t<div class=\"wpb_wrapper\">\n\t\t\t<p><span style=\"font-weight: 400;\">A biztons\u00e1gos haszn\u00e1lathoz sz\u00fcks\u00e9ges ter\u00fclet 2,5 m\u00e9ter hossz\u00fa, 2,2 m\u00e9ter magas \u00e9s 1,8 m\u00e9ter sz\u00e9les.<\/span><\/p>\n\n\t\t<\/div>\n\t<\/div>\n<\/div><\/div><div class=\"vc_tta-panel\" id=\"1575360807792-33112eea-40c7\" data-vc-content=\".vc_tta-panel-body\"><div class=\"vc_tta-panel-heading\"><h4 class=\"vc_tta-panel-title vc_tta-controls-icon-position-left\"><a href=\"#1575360807792-33112eea-40c7\" data-vc-accordion data-vc-container=\".vc_tta-container\"><span class=\"vc_tta-title-text\">M\u00e1s sz\u00ednekben is el\u00e9rhet\u0151ek a term\u00e9kek?<\/span><i class=\"vc_tta-controls-icon vc_tta-controls-icon-plus\"><\/i><\/a><\/h4><\/div><div class=\"vc_tta-panel-body\">\n\t<div class=\"wpb_text_column wpb_content_element\" >\n\t\t<div class=\"wpb_wrapper\">\n\t\t\t<p><span style=\"font-weight: 400;\">A m\u00e9g k\u00e9szleten l\u00e9v\u0151 2019-es kajak ergom\u00e9ter modell s\u00f6t\u00e9tsz\u00fcrke porfest\u00e9ssel kaphat\u00f3.<\/span><\/p>\n<p>A leg\u00fajabb modellek csak horganyzott f\u00e9nyes f\u00e9m fel\u00fclettel \u00e9rhet\u0151ek el.<\/p>\n\n\t\t<\/div>\n\t<\/div>\n<\/div><\/div><div class=\"vc_tta-panel\" id=\"1575360842935-0859d119-c717\" data-vc-content=\".vc_tta-panel-body\"><div class=\"vc_tta-panel-heading\"><h4 class=\"vc_tta-panel-title vc_tta-controls-icon-position-left\"><a href=\"#1575360842935-0859d119-c717\" data-vc-accordion data-vc-container=\".vc_tta-container\"><span class=\"vc_tta-title-text\">El\u00e9rhet\u0151ek r\u00e9gebbi Old Danube modellek?<\/span><i class=\"vc_tta-controls-icon vc_tta-controls-icon-plus\"><\/i><\/a><\/h4><\/div><div class=\"vc_tta-panel-body\">\n\t<div class=\"wpb_text_column wpb_content_element\" >\n\t\t<div class=\"wpb_wrapper\">\n\t\t\t<p><span style=\"font-weight: 400;\">Azok a term\u00e9kek \u00e9rhet\u0151ek el, amik szerepelnek a webshop-ban.<\/span><\/p>\n\n\t\t<\/div>\n\t<\/div>\n<\/div><\/div><\/div><\/div><\/div><\/div><\/div><\/div><\/div><\/div>","protected":false},"excerpt":{"rendered":"What is Old Danube? It\u2019s not just an ergometer. As a result of a long development process, Old Danube training machines represent top quality in every detail, providing high level training opportunities even for elite athletes. What makes Old Danube ergometers unique? The combination of the adjustment options with performance measurement helps the athletes to [...]","protected":false},"author":1,"featured_media":0,"parent":0,"menu_order":0,"comment_status":"closed","ping_status":"closed","template":"page-full-width.php","meta":[],"_links":{"self":[{"href":"https:\/\/olddanube.com\/hu\/wp-json\/wp\/v2\/pages\/3141"}],"collection":[{"href":"https:\/\/olddanube.com\/hu\/wp-json\/wp\/v2\/pages"}],"about":[{"href":"https:\/\/olddanube.com\/hu\/wp-json\/wp\/v2\/types\/page"}],"author":[{"embeddable":true,"href":"https:\/\/olddanube.com\/hu\/wp-json\/wp\/v2\/users\/1"}],"replies":[{"embeddable":true,"href":"https:\/\/olddanube.com\/hu\/wp-json\/wp\/v2\/comments?post=3141"}],"version-history":[{"count":9,"href":"https:\/\/olddanube.com\/hu\/wp-json\/wp\/v2\/pages\/3141\/revisions"}],"predecessor-version":[{"id":9410,"href":"https:\/\/olddanube.com\/hu\/wp-json\/wp\/v2\/pages\/3141\/revisions\/9410"}],"wp:attachment":[{"href":"https:\/\/olddanube.com\/hu\/wp-json\/wp\/v2\/media?parent=3141"}],"curies":[{"name":"wp","href":"https:\/\/api.w.org\/{rel}","templated":true}]}}