{"id":507,"date":"2017-01-10T22:27:32","date_gmt":"2017-01-10T22:27:32","guid":{"rendered":"http:\/\/import.getbowtied.com\/shopkeeper-replica\/?page_id=507"},"modified":"2019-11-06T17:49:55","modified_gmt":"2019-11-06T17:49:55","slug":"contact","status":"publish","type":"page","link":"https:\/\/olddanube.com\/hu\/contact\/","title":{"rendered":"Contact"},"content":{"rendered":"<div class=\"vc_row wpb_row vc_row-fluid vc_custom_1573062311928\"><div class=\"wpb_column vc_column_container vc_col-sm-12\"><div class=\"vc_column-inner\"><div class=\"wpb_wrapper\">\n\t<div class=\"wpb_text_column wpb_content_element\" >\n\t\t<div class=\"wpb_wrapper\">\n\t\t\t<h1>\u00cdrj nek\u00fcnk!<\/h1>\n<p class=\" translation-block\">V\u00e1laszolunk a k\u00e9rd\u00e9seidre. \u00e9s felm\u00e9rj\u00fck term\u00e9keink \u00e9letst\u00edlusodba vagy projektedbe illeszked\u00e9s\u00e9t.<\/p>\n\n\t\t<\/div>\n\t<\/div>\n<\/div><\/div><\/div><\/div><div class=\"vc_row wpb_row vc_row-fluid vc_custom_1573062466659\"><div class=\"wpb_column vc_column_container vc_col-sm-8\"><div class=\"vc_column-inner\"><div class=\"wpb_wrapper\"><div role=\"form\" class=\"wpcf7\" id=\"wpcf7-f3120-o1\" lang=\"hu-HU\" dir=\"ltr\">\n<div class=\"screen-reader-response\"><p role=\"status\" aria-live=\"polite\" aria-atomic=\"true\"><\/p> <ul><\/ul><\/div>\n<form action=\"\/hu\/wp-json\/wp\/v2\/pages\/507#wpcf7-f3120-o1\" method=\"post\" class=\"wpcf7-form init\" novalidate=\"novalidate\" data-status=\"init\" data-trp-original-action=\"\/hu\/wp-json\/wp\/v2\/pages\/507#wpcf7-f3120-o1\">\n<div style=\"display: none;\">\n<input type=\"hidden\" name=\"_wpcf7\" value=\"3120\" \/>\n<input type=\"hidden\" name=\"_wpcf7_version\" value=\"5.5.6.1\" \/>\n<input type=\"hidden\" name=\"_wpcf7_locale\" value=\"hu_HU\" \/>\n<input type=\"hidden\" name=\"_wpcf7_unit_tag\" value=\"wpcf7-f3120-o1\" \/>\n<input type=\"hidden\" name=\"_wpcf7_container_post\" value=\"0\" \/>\n<input type=\"hidden\" name=\"_wpcf7_posted_data_hash\" value=\"\" \/>\n<input type=\"hidden\" name=\"_wpcf7_recaptcha_response\" value=\"\" \/>\n<\/div>\n<p><span class=\"wpcf7-form-control-wrap your-name\"><input type=\"text\" name=\"your-name\" value=\"\" size=\"40\" class=\"wpcf7-form-control wpcf7-text wpcf7-validates-as-required\" aria-required=\"true\" aria-invalid=\"false\" placeholder=\"n\u00e9v\" \/><\/span> <\/p>\n<p>    <span class=\"wpcf7-form-control-wrap your-email\"><input type=\"email\" name=\"your-email\" value=\"\" size=\"40\" class=\"wpcf7-form-control wpcf7-text wpcf7-email wpcf7-validates-as-required wpcf7-validates-as-email\" aria-required=\"true\" aria-invalid=\"false\" placeholder=\"email\" \/><\/span> <\/p>\n<p>    <span class=\"wpcf7-form-control-wrap your-message\"><textarea name=\"your-message\" cols=\"40\" rows=\"10\" class=\"wpcf7-form-control wpcf7-textarea\" aria-invalid=\"false\" placeholder=\"\u00fczenet\"><\/textarea><\/span> <\/p>\n<p><input type=\"submit\" value=\"K\u00fcld\u00e9s\" class=\"wpcf7-form-control has-spinner wpcf7-submit\" \/><\/p>\n<div class=\"wpcf7-response-output\" aria-hidden=\"true\"><\/div><input type=\"hidden\" name=\"trp-form-language\" value=\"hu\"\/><\/form><\/div><\/div><\/div><\/div><div class=\"wpb_column vc_column_container vc_col-sm-4\"><div class=\"vc_column-inner\"><div class=\"wpb_wrapper\">\n\t<div class=\"wpb_text_column wpb_content_element\" >\n\t\t<div class=\"wpb_wrapper\">\n\t\t\t<h6>KAPCSOLAT<\/h6>\n\n\t\t<\/div>\n\t<\/div>\n\n\t<div class=\"wpb_text_column wpb_content_element\" >\n\t\t<div class=\"wpb_wrapper\">\n\t\t\t<div dir=\"auto\"><a href=\"mailto:info@olddanube.com\" target=\"_blank\" rel=\"noopener noreferrer\">info@olddanube.com<\/a><\/div>\n<div dir=\"auto\">2000, Szentendre, Pann\u00f3nia utca 34.<\/div>\n<div dir=\"auto\"><\/div>\n<div dir=\"auto\" style=\"margin-top: 15px;\"><strong>technikai k\u00e9rd\u00e9sek eset\u00e9n:<\/strong><br \/>\nViktor Glatz, <a href=\"mailto:viktor.glatz@olddanube.com\" target=\"_blank\" rel=\"noopener noreferrer\"><span class=\"il\">viktor.glatz@olddanube.com<\/span><\/a>, +36-20-517-3350<br \/>\n<strong>\u00e9rt\u00e9kes\u00edt\u00e9si k\u00e9rd\u00e9sek eset\u00e9n:<\/strong><\/div>\n<div dir=\"auto\">P\u00e9ter Dank\u00f3, <a href=\"mailto:peter.danko@olddanube.com\" target=\"_blank\" rel=\"noopener noreferrer\">peter.danko@olddanube.com<\/a>, +36-30-444-9328<\/div>\n\n\t\t<\/div>\n\t<\/div>\n<\/div><\/div><\/div><\/div>","protected":false},"excerpt":{"rendered":"Get in touch. We will answer your questions, scope your project and discuss your potential fit in style. CONTACT info@olddanube.com 2000, Szentendre, Pann\u00f3nia utca 34. contact for technical purposes: Viktor Glatz, viktor.glatz@olddanube.com, +36-20-517-3350 contact for sales purposes: P\u00e9ter Dank\u00f3, peter.danko@olddanube.com, +36-30-444-9328","protected":false},"author":1,"featured_media":0,"parent":0,"menu_order":0,"comment_status":"closed","ping_status":"closed","template":"page-boxed.php","meta":[],"_links":{"self":[{"href":"https:\/\/olddanube.com\/hu\/wp-json\/wp\/v2\/pages\/507"}],"collection":[{"href":"https:\/\/olddanube.com\/hu\/wp-json\/wp\/v2\/pages"}],"about":[{"href":"https:\/\/olddanube.com\/hu\/wp-json\/wp\/v2\/types\/page"}],"author":[{"embeddable":true,"href":"https:\/\/olddanube.com\/hu\/wp-json\/wp\/v2\/users\/1"}],"replies":[{"embeddable":true,"href":"https:\/\/olddanube.com\/hu\/wp-json\/wp\/v2\/comments?post=507"}],"version-history":[{"count":10,"href":"https:\/\/olddanube.com\/hu\/wp-json\/wp\/v2\/pages\/507\/revisions"}],"predecessor-version":[{"id":3188,"href":"https:\/\/olddanube.com\/hu\/wp-json\/wp\/v2\/pages\/507\/revisions\/3188"}],"wp:attachment":[{"href":"https:\/\/olddanube.com\/hu\/wp-json\/wp\/v2\/media?parent=507"}],"curies":[{"name":"wp","href":"https:\/\/api.w.org\/{rel}","templated":true}]}}