{"id":9606,"date":"2023-02-27T09:18:40","date_gmt":"2023-02-27T09:18:40","guid":{"rendered":"https:\/\/olddanube.com\/?page_id=9606"},"modified":"2024-03-19T09:33:36","modified_gmt":"2024-03-19T09:33:36","slug":"distributors","status":"publish","type":"page","link":"https:\/\/olddanube.com\/hu\/distributors\/","title":{"rendered":"Forgalmaz\u00f3ink"},"content":{"rendered":"<div class=\"vc_row wpb_row vc_row-fluid vc_custom_1677490393883\"><div class=\"wpb_column vc_column_container vc_col-sm-1\/5\"><div class=\"vc_column-inner\"><div class=\"wpb_wrapper\">\n\t<div class=\"wpb_text_column wpb_content_element\" >\n\t\t<div class=\"wpb_wrapper\">\n\t\t\t<p><strong>N\u00e9metorsz\u00e1g<br \/>\n<\/strong><span data-sheets-value=\"{&quot;1&quot;:2,&quot;2&quot;:&quot;Gordan Harbrecht&quot;}\">Gordan Harbrecht<br \/>\n<a href=\"mailto:gordanharbrecht@gmx.de\">E-mail<\/a><br \/>\n<a href=\"https:\/\/nordickayaks.eu\/en\/shop_en\/Old-Danube-Kajak-Ergometer-p435758879\">Web<\/a><\/span><\/p>\n\n\t\t<\/div>\n\t<\/div>\n<\/div><\/div><\/div><div class=\"wpb_column vc_column_container vc_col-sm-1\/5\"><div class=\"vc_column-inner\"><div class=\"wpb_wrapper\">\n\t<div class=\"wpb_text_column wpb_content_element\" >\n\t\t<div class=\"wpb_wrapper\">\n\t\t\t<p><strong>Sv\u00e9dorsz\u00e1g<br \/>\n<\/strong><span data-sheets-value=\"{&quot;1&quot;:2,&quot;2&quot;:&quot;Gordan Harbrecht&quot;}\">Joakim Lindberg<br \/>\n<a href=\"mailto:joakimlindberg1993@gmail.com\">E-mail<\/a><br \/>\n<a href=\"https:\/\/www.instagram.com\/joockelindberg\/\">Web<\/a><\/span><\/p>\n\n\t\t<\/div>\n\t<\/div>\n<\/div><\/div><\/div><div class=\"wpb_column vc_column_container vc_col-sm-1\/5\"><div class=\"vc_column-inner\"><div class=\"wpb_wrapper\">\n\t<div class=\"wpb_text_column wpb_content_element\" >\n\t\t<div class=\"wpb_wrapper\">\n\t\t\t<p><strong>Sv\u00e1jc<br \/>\n<\/strong><span data-sheets-value=\"{&quot;1&quot;:2,&quot;2&quot;:&quot;Gordan Harbrecht&quot;}\">Tom Beck<br \/>\n<a href=\"mailto:info@surfskipoint.com\">E-mail<\/a><br \/>\n<a href=\"https:\/\/en.surfskipoint.com\/product-page\/ergometer-old-danube\">Web<\/a><\/span><\/p>\n\n\t\t<\/div>\n\t<\/div>\n<\/div><\/div><\/div><div class=\"wpb_column vc_column_container vc_col-sm-1\/5\"><div class=\"vc_column-inner\"><div class=\"wpb_wrapper\">\n\t<div class=\"wpb_text_column wpb_content_element\" >\n\t\t<div class=\"wpb_wrapper\">\n\t\t\t<p><strong>D\u00e1nia<br \/>\n<\/strong><span data-sheets-value=\"{&quot;1&quot;:2,&quot;2&quot;:&quot;Gordan Harbrecht&quot;}\">kajak.dk<br \/>\n<a href=\"mailto:kano@kajak.dk\">E-mail<\/a><br \/>\n<a href=\"https:\/\/kajak.dk\/old-danube-kajak-ergometer-romaskine\">Web<\/a><\/span><\/p>\n\n\t\t<\/div>\n\t<\/div>\n<\/div><\/div><\/div><div class=\"wpb_column vc_column_container vc_col-sm-1\/5\"><div class=\"vc_column-inner\"><div class=\"wpb_wrapper\">\n\t<div class=\"wpb_text_column wpb_content_element\" >\n\t\t<div class=\"wpb_wrapper\">\n\t\t\t<p><strong>Egyes\u00fclt Arab Em\u00edrs\u00e9gek<br \/>\n<\/strong><span data-sheets-value=\"{&quot;1&quot;:2,&quot;2&quot;:&quot;Gordan Harbrecht&quot;}\">Paddlers Hub UAE<br \/>\n<a href=\"mailto:info@paddlershubuae.com\">E-mail<\/a><br \/>\n<a href=\"https:\/\/paddlershubuae.com\/products\/old-danube-kayak-ergometer-2021\">Web<\/a><\/span><\/p>\n\n\t\t<\/div>\n\t<\/div>\n<\/div><\/div><\/div><\/div>","protected":false},"excerpt":{"rendered":"Germany Gordan Harbrecht E-mail Web Sweden Joakim Lindberg E-mail Web Switzerland Tom Beck E-mail Web Denmark kajak.dk E-mail Web United Arab Emirates Paddlers Hub UAE E-mail Web","protected":false},"author":1,"featured_media":0,"parent":0,"menu_order":0,"comment_status":"closed","ping_status":"closed","template":"","meta":[],"_links":{"self":[{"href":"https:\/\/olddanube.com\/hu\/wp-json\/wp\/v2\/pages\/9606"}],"collection":[{"href":"https:\/\/olddanube.com\/hu\/wp-json\/wp\/v2\/pages"}],"about":[{"href":"https:\/\/olddanube.com\/hu\/wp-json\/wp\/v2\/types\/page"}],"author":[{"embeddable":true,"href":"https:\/\/olddanube.com\/hu\/wp-json\/wp\/v2\/users\/1"}],"replies":[{"embeddable":true,"href":"https:\/\/olddanube.com\/hu\/wp-json\/wp\/v2\/comments?post=9606"}],"version-history":[{"count":18,"href":"https:\/\/olddanube.com\/hu\/wp-json\/wp\/v2\/pages\/9606\/revisions"}],"predecessor-version":[{"id":9747,"href":"https:\/\/olddanube.com\/hu\/wp-json\/wp\/v2\/pages\/9606\/revisions\/9747"}],"wp:attachment":[{"href":"https:\/\/olddanube.com\/hu\/wp-json\/wp\/v2\/media?parent=9606"}],"curies":[{"name":"wp","href":"https:\/\/api.w.org\/{rel}","templated":true}]}}