{"id":9685,"date":"2023-09-27T08:37:25","date_gmt":"2023-09-27T08:37:25","guid":{"rendered":"https:\/\/olddanube.com\/?page_id=9685"},"modified":"2026-02-06T13:13:49","modified_gmt":"2026-02-06T13:13:49","slug":"nordickayakshun","status":"publish","type":"page","link":"https:\/\/olddanube.com\/hu\/nordickayakshun\/","title":{"rendered":"Nordic Kayaks Hungary"},"content":{"rendered":"<div data-vc-full-width=\"true\" data-vc-full-width-init=\"false\" class=\"vc_row wpb_row vc_row-fluid wpb_animate_when_almost_visible wpb_fadeIn fadeIn vc_custom_1695804473641 vc_row-has-fill vc_row-o-full-height vc_row-o-columns-middle vc_row-flex\"><div class=\"wpb_column vc_column_container vc_col-sm-6\"><div class=\"vc_column-inner\"><div class=\"wpb_wrapper\">\n\t<div class=\"wpb_text_column wpb_content_element\" >\n\t\t<div class=\"wpb_wrapper\">\n\t\t\t<h1 class=\" translation-block\"><span style=\"color: #ffffff\">Mi vagyunk a<\/span><br>\n<span style=\"color: #ffffff\">Nordic Kayaks Hungary<\/span><\/h1>\n\n\t\t<\/div>\n\t<\/div>\n\n\t<div class=\"wpb_text_column wpb_content_element\" >\n\t\t<div class=\"wpb_wrapper\">\n\t\t\t<p><span style=\"color: #ffffff;\"> az innovat\u00edv Sv\u00e9d kajak \u00e9s surfski gy\u00e1rt\u00f3 Magyar forgalmaz\u00f3ja az Old Danube<\/span><\/p>\n\n\t\t<\/div>\n\t<\/div>\n<\/div><\/div><\/div><div class=\"wpb_column vc_column_container vc_col-sm-6\"><div class=\"vc_column-inner\"><div class=\"wpb_wrapper\"><\/div><\/div><\/div><\/div><div class=\"vc_row-full-width vc_clearfix\"><\/div><div class=\"vc_row wpb_row vc_row-fluid\"><div class=\"wpb_column vc_column_container vc_col-sm-12\"><div class=\"vc_column-inner\"><div class=\"wpb_wrapper\">\n\t<div class=\"wpb_text_column wpb_content_element\" >\n\t\t<div class=\"wpb_wrapper\">\n\t\t\t<h3 class=\"LC20lb MBeuO DKV0Md\">Elk\u00f6telezetts\u00e9g a legmagasabb gy\u00e1rt\u00e1si min\u0151s\u00e9g ir\u00e1nt<\/h3>\n\n\t\t<\/div>\n\t<\/div>\n<\/div><\/div><\/div><\/div><div class=\"vc_row wpb_row vc_row-fluid vc_custom_1484857863227\"><div class=\"wpb_column vc_column_container vc_col-sm-6\"><div class=\"vc_column-inner\"><div class=\"wpb_wrapper\">\n\t<div class=\"wpb_text_column wpb_content_element\" >\n\t\t<div class=\"wpb_wrapper\">\n\t\t\t<p>A modern, sz\u00e1m\u00edt\u00f3g\u00e9ppel t\u00e1mogatott tervez\u00e9si know-how a hagyom\u00e1nyos konstrukci\u00f3s elemekkel kombin\u00e1lva, valamint a vil\u00e1gszerte sikeres profi sportol\u00f3k tapasztalat\u00e1val kieg\u00e9sz\u00edtve k\u00e9pezi a Nordic Kayaks kiv\u00e1l\u00f3 min\u0151s\u00e9g\u0171 term\u00e9keinek alapj\u00e1t.<\/p>\n\n\t\t<\/div>\n\t<\/div>\n<\/div><\/div><\/div><div class=\"wpb_column vc_column_container vc_col-sm-6\"><div class=\"vc_column-inner\"><div class=\"wpb_wrapper\">\n\t<div class=\"wpb_text_column wpb_content_element\" >\n\t\t<div class=\"wpb_wrapper\">\n\t\t\t<p>Haj\u00f3ink leny\u0171g\u00f6znek nagyon k\u00f6nny\u0171 s\u00falyukkal \u00e9s nagy szil\u00e1rds\u00e1gukkal. Ezeket a rendk\u00edv\u00fcli tulajdons\u00e1gokat a n\u00e9gyszeres l\u00e9gk\u00f6ri nyom\u00e1s alatti autokl\u00e1vban t\u00f6rt\u00e9n\u0151 gy\u00e1rt\u00e1s r\u00e9v\u00e9n \u00e9rj\u00fck el \u2013 ez a gy\u00e1rt\u00e1si technol\u00f3gia egy\u00e9bk\u00e9nt csak az \u0171rutaz\u00e1sban vagy a Forma-1-es versenycsapatokban haszn\u00e1latos.<\/p>\n\n\t\t<\/div>\n\t<\/div>\n<\/div><\/div><\/div><\/div><div class=\"vc_row wpb_row vc_row-fluid vc_custom_1484858913795 vc_row-o-content-middle vc_row-flex\"><div class=\"wpb_column vc_column_container vc_col-sm-6\"><div class=\"vc_column-inner vc_custom_1484858929720\"><div class=\"wpb_wrapper\">\n\t<div  class=\"wpb_single_image wpb_content_element vc_align_left\">\n\t\t\n\t\t<figure class=\"wpb_wrapper vc_figure\">\n\t\t\t<div class=\"vc_single_image-wrapper   vc_box_border_grey\"><img width=\"2560\" height=\"1920\" src=\"https:\/\/olddanube.com\/wp-content\/uploads\/2023\/09\/oldalt-futo-kep-3_4-3-scaled.jpg\" class=\"vc_single_image-img attachment-full\" alt=\"\" loading=\"lazy\" srcset=\"https:\/\/olddanube.com\/wp-content\/uploads\/2023\/09\/oldalt-futo-kep-3_4-3-scaled.jpg 2560w, https:\/\/olddanube.com\/wp-content\/uploads\/2023\/09\/oldalt-futo-kep-3_4-3-300x225.jpg 300w, https:\/\/olddanube.com\/wp-content\/uploads\/2023\/09\/oldalt-futo-kep-3_4-3-1024x768.jpg 1024w, https:\/\/olddanube.com\/wp-content\/uploads\/2023\/09\/oldalt-futo-kep-3_4-3-768x576.jpg 768w, https:\/\/olddanube.com\/wp-content\/uploads\/2023\/09\/oldalt-futo-kep-3_4-3-1536x1152.jpg 1536w, https:\/\/olddanube.com\/wp-content\/uploads\/2023\/09\/oldalt-futo-kep-3_4-3-2048x1536.jpg 2048w, https:\/\/olddanube.com\/wp-content\/uploads\/2023\/09\/oldalt-futo-kep-3_4-3-16x12.jpg 16w, https:\/\/olddanube.com\/wp-content\/uploads\/2023\/09\/oldalt-futo-kep-3_4-3-600x450.jpg 600w\" sizes=\"(max-width: 2560px) 100vw, 2560px\" \/><\/div>\n\t\t<\/figure>\n\t<\/div>\n<\/div><\/div><\/div><div class=\"wpb_column vc_column_container vc_col-sm-6\"><div class=\"vc_column-inner vc_custom_1484858943591\"><div class=\"wpb_wrapper\">\n\t<div  class=\"wpb_single_image wpb_content_element vc_align_right\">\n\t\t\n\t\t<figure class=\"wpb_wrapper vc_figure\">\n\t\t\t<div class=\"vc_single_image-wrapper   vc_box_border_grey\"><img width=\"2560\" height=\"2560\" src=\"https:\/\/olddanube.com\/wp-content\/uploads\/2023\/09\/oldalt-futo-kep-6_sq-scaled.jpg\" class=\"vc_single_image-img attachment-full\" alt=\"\" loading=\"lazy\" srcset=\"https:\/\/olddanube.com\/wp-content\/uploads\/2023\/09\/oldalt-futo-kep-6_sq-scaled.jpg 2560w, https:\/\/olddanube.com\/wp-content\/uploads\/2023\/09\/oldalt-futo-kep-6_sq-300x300.jpg 300w, https:\/\/olddanube.com\/wp-content\/uploads\/2023\/09\/oldalt-futo-kep-6_sq-1024x1024.jpg 1024w, https:\/\/olddanube.com\/wp-content\/uploads\/2023\/09\/oldalt-futo-kep-6_sq-150x150.jpg 150w, https:\/\/olddanube.com\/wp-content\/uploads\/2023\/09\/oldalt-futo-kep-6_sq-768x768.jpg 768w, https:\/\/olddanube.com\/wp-content\/uploads\/2023\/09\/oldalt-futo-kep-6_sq-1536x1536.jpg 1536w, https:\/\/olddanube.com\/wp-content\/uploads\/2023\/09\/oldalt-futo-kep-6_sq-2048x2048.jpg 2048w, https:\/\/olddanube.com\/wp-content\/uploads\/2023\/09\/oldalt-futo-kep-6_sq-12x12.jpg 12w, https:\/\/olddanube.com\/wp-content\/uploads\/2023\/09\/oldalt-futo-kep-6_sq-600x600.jpg 600w, https:\/\/olddanube.com\/wp-content\/uploads\/2023\/09\/oldalt-futo-kep-6_sq-100x100.jpg 100w\" sizes=\"(max-width: 2560px) 100vw, 2560px\" \/><\/div>\n\t\t<\/figure>\n\t<\/div>\n<\/div><\/div><\/div><\/div><div class=\"vc_row wpb_row vc_row-fluid vc_custom_1484857886748\"><div class=\"wpb_column vc_column_container vc_col-sm-12\"><div class=\"vc_column-inner\"><div class=\"wpb_wrapper\">\n\t<div  class=\"wpb_single_image wpb_content_element vc_align_left\">\n\t\t\n\t\t<figure class=\"wpb_wrapper vc_figure\">\n\t\t\t<div class=\"vc_single_image-wrapper   vc_box_border_grey\"><img width=\"53\" height=\"42\" src=\"https:\/\/olddanube.com\/wp-content\/uploads\/2017\/01\/quote-m.jpg\" class=\"vc_single_image-img attachment-full\" alt=\"\" loading=\"lazy\" \/><\/div>\n\t\t<\/figure>\n\t<\/div>\n\n\t<div class=\"wpb_text_column wpb_content_element  vc_custom_1696229030059\" >\n\t\t<div class=\"wpb_wrapper\">\n\t\t\t<h2>\"Ez a leghosszabb haj\u00f3 \u00e9s a legk\u00f6nnyebb is, amiben eddig valaha eveztem. A hossza miatt szembesz\u00e9lben nagyon j\u00f3l kisim\u00edtja a hull\u00e1mokat. A haj\u00f3test olyan k\u00f6nny\u0171 s\u00faly\u00fa, hogy ha ki is emeli egy hull\u00e1m az orr\u00e1t a v\u00edzb\u0151l, az nem is csap\u00f3dik le, csak finoman leereszkedik.\"<\/h2>\n\n\t\t<\/div>\n\t<\/div>\n\n\t<div class=\"wpb_text_column wpb_content_element\" >\n\t\t<div class=\"wpb_wrapper\">\n\t\t\t<h6>\u2014Glatz Viktor -NK Nitro 640 CarbonX<\/h6>\n\n\t\t<\/div>\n\t<\/div>\n<\/div><\/div><\/div><\/div><div class=\"vc_row wpb_row vc_row-fluid vc_custom_1698135889579\"><div class=\"wpb_column vc_column_container vc_col-sm-6\"><div class=\"vc_column-inner\"><div class=\"wpb_wrapper\">\n\t<div class=\"wpb_text_column wpb_content_element\" >\n\t\t<div class=\"wpb_wrapper\">\n\t\t\t<h2>Haj\u00f3k\u00f6lcs\u00f6nz\u00e9s \u00c1rlista<\/h2>\n\n\t\t<\/div>\n\t<\/div>\n\n\t<div class=\"wpb_text_column wpb_content_element\" >\n\t\t<div class=\"wpb_wrapper\">\n\t\t\t<h4>Surfski k\u00f6lcs\u00f6nz\u00e9s:<\/h4>\n<p>F\u0151 c\u00e9lunk, hogy haj\u00f3tesztel\u00e9si lehet\u0151s\u00e9get biztos\u00edtsunk potenci\u00e1lis v\u00e1s\u00e1rl\u00f3ink sz\u00e1m\u00e1ra. Kipr\u00f3b\u00e1lhattok k\u00fcl\u00f6nb\u00f6z\u0151 haj\u00f3modelleket \u00e9s \u00f6sszehasonl\u00edthatj\u00e1tok azokat, hogy megtal\u00e1lj\u00e1tok a Nektek legmegfelel\u0151bbet. Csapat\u00e9p\u00edt\u0151 rendezv\u00e9nyekre vagy di\u00e1kcsoportoknak nem ny\u00fajtunk b\u00e9rl\u00e9si szolg\u00e1ltat\u00e1st.<\/p>\n<ul>\n<li>1 \u00f3ra: 5.000 HUF<\/li>\n<li>2 \u00f3ra: 7.000 HUF<\/li>\n<li>1 day (2+ hours): 15.000 HUF<\/li>\n<\/ul>\n<p>P\u00e1ros haj\u00f3k k\u00f6lcs\u00f6nz\u00e9se eset\u00e9n az \u00e1ra 1,5x-szerese a norm\u00e1l \u00e1rnak<\/p>\n<h4>Surfski haj\u00f3b\u00e9rl\u00e9s t\u00f6bb napra:<\/h4>\n<p>Ha ki szeretn\u00e9l pr\u00f3b\u00e1lni egy surfski modellt a tengeren, miel\u0151tt elk\u00f6telezn\u00e9d magad a v\u00e1s\u00e1rl\u00e1s mellett, ez a hosszabb idej\u0171 b\u00e9rl\u00e9si lehet\u0151s\u00e9g neked val\u00f3.<\/p>\n<ul>\n<li>7 nap: 70.000 HUF<\/li>\n<li>30 nap: 180.000 HUF<\/li>\n<\/ul>\n<p>P\u00e1ros haj\u00f3k k\u00f6lcs\u00f6nz\u00e9se eset\u00e9n az \u00e1ra 1,5x-szerese a norm\u00e1l \u00e1rnak<\/p>\n\n\t\t<\/div>\n\t<\/div>\n<\/div><\/div><\/div><div class=\"wpb_column vc_column_container vc_col-sm-6\"><div class=\"vc_column-inner\"><div class=\"wpb_wrapper\"><\/div><\/div><\/div><\/div><div data-vc-full-width=\"true\" data-vc-full-width-init=\"false\" data-vc-stretch-content=\"true\" class=\"vc_row wpb_row vc_row-fluid vc_custom_1484858516306 vc_column-gap-35 vc_row-o-equal-height vc_row-o-content-middle vc_row-flex\"><div class=\"wpb_column vc_column_container vc_col-sm-4\"><div class=\"vc_column-inner\"><div class=\"wpb_wrapper\">\n\t<div  class=\"wpb_single_image wpb_content_element vc_align_center\">\n\t\t\n\t\t<figure class=\"wpb_wrapper vc_figure\">\n\t\t\t<div class=\"vc_single_image-wrapper   vc_box_border_grey\"><img width=\"2560\" height=\"2560\" src=\"https:\/\/olddanube.com\/wp-content\/uploads\/2023\/09\/oldalt-futo-kep-2_sq-scaled.jpg\" class=\"vc_single_image-img attachment-full\" alt=\"\" loading=\"lazy\" srcset=\"https:\/\/olddanube.com\/wp-content\/uploads\/2023\/09\/oldalt-futo-kep-2_sq-scaled.jpg 2560w, https:\/\/olddanube.com\/wp-content\/uploads\/2023\/09\/oldalt-futo-kep-2_sq-300x300.jpg 300w, https:\/\/olddanube.com\/wp-content\/uploads\/2023\/09\/oldalt-futo-kep-2_sq-1024x1024.jpg 1024w, https:\/\/olddanube.com\/wp-content\/uploads\/2023\/09\/oldalt-futo-kep-2_sq-150x150.jpg 150w, https:\/\/olddanube.com\/wp-content\/uploads\/2023\/09\/oldalt-futo-kep-2_sq-768x768.jpg 768w, https:\/\/olddanube.com\/wp-content\/uploads\/2023\/09\/oldalt-futo-kep-2_sq-1536x1536.jpg 1536w, https:\/\/olddanube.com\/wp-content\/uploads\/2023\/09\/oldalt-futo-kep-2_sq-2048x2048.jpg 2048w, https:\/\/olddanube.com\/wp-content\/uploads\/2023\/09\/oldalt-futo-kep-2_sq-12x12.jpg 12w, https:\/\/olddanube.com\/wp-content\/uploads\/2023\/09\/oldalt-futo-kep-2_sq-600x600.jpg 600w, https:\/\/olddanube.com\/wp-content\/uploads\/2023\/09\/oldalt-futo-kep-2_sq-100x100.jpg 100w\" sizes=\"(max-width: 2560px) 100vw, 2560px\" \/><\/div>\n\t\t<\/figure>\n\t<\/div>\n<\/div><\/div><\/div><div class=\"wpb_column vc_column_container vc_col-sm-4\"><div class=\"vc_column-inner\"><div class=\"wpb_wrapper\">\n\t<div  class=\"wpb_single_image wpb_content_element vc_align_center\">\n\t\t\n\t\t<figure class=\"wpb_wrapper vc_figure\">\n\t\t\t<div class=\"vc_single_image-wrapper   vc_box_border_grey\"><img width=\"1920\" height=\"2560\" src=\"https:\/\/olddanube.com\/wp-content\/uploads\/2023\/09\/oldalt-futo-kep-4-scaled.jpg\" class=\"vc_single_image-img attachment-full\" alt=\"\" loading=\"lazy\" srcset=\"https:\/\/olddanube.com\/wp-content\/uploads\/2023\/09\/oldalt-futo-kep-4-scaled.jpg 1920w, https:\/\/olddanube.com\/wp-content\/uploads\/2023\/09\/oldalt-futo-kep-4-225x300.jpg 225w, https:\/\/olddanube.com\/wp-content\/uploads\/2023\/09\/oldalt-futo-kep-4-768x1024.jpg 768w, https:\/\/olddanube.com\/wp-content\/uploads\/2023\/09\/oldalt-futo-kep-4-1152x1536.jpg 1152w, https:\/\/olddanube.com\/wp-content\/uploads\/2023\/09\/oldalt-futo-kep-4-1536x2048.jpg 1536w, https:\/\/olddanube.com\/wp-content\/uploads\/2023\/09\/oldalt-futo-kep-4-9x12.jpg 9w, https:\/\/olddanube.com\/wp-content\/uploads\/2023\/09\/oldalt-futo-kep-4-600x800.jpg 600w\" sizes=\"(max-width: 1920px) 100vw, 1920px\" \/><\/div>\n\t\t<\/figure>\n\t<\/div>\n<\/div><\/div><\/div><div class=\"wpb_column vc_column_container vc_col-sm-4\"><div class=\"vc_column-inner\"><div class=\"wpb_wrapper\">\n\t<div  class=\"wpb_single_image wpb_content_element vc_align_center\">\n\t\t\n\t\t<figure class=\"wpb_wrapper vc_figure\">\n\t\t\t<div class=\"vc_single_image-wrapper   vc_box_border_grey\"><img width=\"720\" height=\"480\" src=\"https:\/\/olddanube.com\/wp-content\/uploads\/2023\/09\/OD-NK-racing-mode.jpg\" class=\"vc_single_image-img attachment-full\" alt=\"\" loading=\"lazy\" srcset=\"https:\/\/olddanube.com\/wp-content\/uploads\/2023\/09\/OD-NK-racing-mode.jpg 720w, https:\/\/olddanube.com\/wp-content\/uploads\/2023\/09\/OD-NK-racing-mode-300x200.jpg 300w, https:\/\/olddanube.com\/wp-content\/uploads\/2023\/09\/OD-NK-racing-mode-18x12.jpg 18w, https:\/\/olddanube.com\/wp-content\/uploads\/2023\/09\/OD-NK-racing-mode-600x400.jpg 600w\" sizes=\"(max-width: 720px) 100vw, 720px\" \/><\/div>\n\t\t<\/figure>\n\t<\/div>\n<\/div><\/div><\/div><\/div><div class=\"vc_row-full-width vc_clearfix\"><\/div><div class=\"vc_row wpb_row vc_row-fluid vc_custom_1484857881273\"><div class=\"wpb_column vc_column_container vc_col-sm-6\"><div class=\"vc_column-inner vc_custom_1484858873368\"><div class=\"wpb_wrapper\">\n\t<div class=\"wpb_text_column wpb_content_element\" >\n\t\t<div class=\"wpb_wrapper\">\n\t\t\t<h6>DOKUMENTUMOK<\/h6>\n\n\t\t<\/div>\n\t<\/div>\n\n\t<div class=\"wpb_text_column wpb_content_element\" >\n\t\t<div class=\"wpb_wrapper\">\n\t\t\t<p><a href=\"https:\/\/drive.google.com\/drive\/folders\/17EcDahUKduv7dp-GUTTDYX_F2IMzU7pv?usp=sharing\">Link a Nordic Kayaks \u00e1rlist\u00e1nkhoz<\/a><\/p>\n\n\t\t<\/div>\n\t<\/div>\n<\/div><\/div><\/div><div class=\"wpb_column vc_column_container vc_col-sm-6\"><div class=\"vc_column-inner\"><div class=\"wpb_wrapper\">\n\t<div class=\"wpb_text_column wpb_content_element\" >\n\t\t<div class=\"wpb_wrapper\">\n\t\t\t<h6>KAPCSOLAT<\/h6>\n\n\t\t<\/div>\n\t<\/div>\n\n\t<div class=\"wpb_text_column wpb_content_element\" >\n\t\t<div class=\"wpb_wrapper\">\n\t\t\t<p>Surfski test helysz\u00edn: Szentendrei kajak-kenu klub<br \/>\nC\u00edm: 2000 Szentendre, Papsziget Hrsz.:4491<\/p>\n<p>Keress minket egyedi teszthelysz\u00ednnel kapcsolatban, ha a Balatonn\u00e1l vagy Horv\u00e1torsz\u00e1gban teszteln\u00e9l haj\u00f3t pr\u00f3b\u00e1lni!<\/p>\n<p>Dank\u00f3 P\u00e9ter<br \/>\nMobil: +36 30 444 9328<br \/>\nGlatz Viktor<br \/>\nMobil: +36 20 517 3350<\/p>\n<p>Email: info@olddanube.com<\/p>\n\n\t\t<\/div>\n\t<\/div>\n<\/div><\/div><\/div><\/div>","protected":false},"excerpt":{"rendered":"We are Nordic Kayaks Hungary Old Danube is the Hungarian dealer of the innovative Swedish kayak and surfski manufacturer Highest Dedication to Manufacturing Excellence Modern computer-aided design know-how combined with traditional designs and supplemented by the experience of professional athletes who are successful around the world form the basis for our high-quality products at Nordic [...]","protected":false},"author":2,"featured_media":0,"parent":0,"menu_order":0,"comment_status":"closed","ping_status":"closed","template":"page-boxed.php","meta":[],"_links":{"self":[{"href":"https:\/\/olddanube.com\/hu\/wp-json\/wp\/v2\/pages\/9685"}],"collection":[{"href":"https:\/\/olddanube.com\/hu\/wp-json\/wp\/v2\/pages"}],"about":[{"href":"https:\/\/olddanube.com\/hu\/wp-json\/wp\/v2\/types\/page"}],"author":[{"embeddable":true,"href":"https:\/\/olddanube.com\/hu\/wp-json\/wp\/v2\/users\/2"}],"replies":[{"embeddable":true,"href":"https:\/\/olddanube.com\/hu\/wp-json\/wp\/v2\/comments?post=9685"}],"version-history":[{"count":18,"href":"https:\/\/olddanube.com\/hu\/wp-json\/wp\/v2\/pages\/9685\/revisions"}],"predecessor-version":[{"id":9772,"href":"https:\/\/olddanube.com\/hu\/wp-json\/wp\/v2\/pages\/9685\/revisions\/9772"}],"wp:attachment":[{"href":"https:\/\/olddanube.com\/hu\/wp-json\/wp\/v2\/media?parent=9685"}],"curies":[{"name":"wp","href":"https:\/\/api.w.org\/{rel}","templated":true}]}}