{"id":7553,"date":"2020-09-02T08:51:20","date_gmt":"2020-09-02T08:51:20","guid":{"rendered":"https:\/\/olddanube.com\/?post_type=product&#038;p=7553"},"modified":"2024-04-25T12:39:40","modified_gmt":"2024-04-25T12:39:40","slug":"old-danube-canoe-dynamic-ergometer-1","status":"publish","type":"product","link":"https:\/\/olddanube.com\/hu\/termek\/old-danube-canoe-dynamic-ergometer-1\/","title":{"rendered":"Old Danube canoe dynamic ergometer"},"content":{"rendered":"<div class=\"page\" title=\"Page 2\">\n<div class=\"layoutArea\">\n<div class=\"column\">\n<h2 id=\"tw-target-text\" class=\"tw-data-text tw-text-large XcVN5d tw-ta\" dir=\"ltr\" data-placeholder=\"Ford\u00edt\u00e1s\"><span lang=\"en\">Product accessories<\/span><\/h2>\n<p class=\"p1\"><span class=\"s1\"><b>Workout data display and measurement via Ergoholic (iOS) application (Garmin bluetooth speed sensor included)<\/b><\/span><\/p>\n<p class=\"p2\"><span class=\"s2\"><b>Features:<\/b><\/span><\/p>\n<ul class=\"ul1\">\n<li class=\"li3\"><span class=\"s4\">Speed and distance calculation from rotor speed measurement (Garmin speed sensor)<\/span><\/li>\n<li>Optional: cadence measurement with bluetooth cadence sensor<\/li>\n<li>Opcion\u00e1lis: pulzussz\u00e1m m\u00e9r\u00e9se bluetooth HR p\u00e1nttal<\/li>\n<\/ul>\n<p class=\"p2\"><span class=\"s2\"><b>A megjelen\u00edthet\u0151 edz\u00e9s adatok az Ergoholic (iOS) app-ban:<\/b><\/span><\/p>\n<ul class=\"ul1\">\n<li>Pillanatnyi sebess\u00e9g<\/li>\n<li>\u00c1tlagos sebess\u00e9g<\/li>\n<li>Pillanatnyi temp\u00f3<\/li>\n<li class=\"li3\"><span class=\"s4\">Current lap time<\/span><\/li>\n<li class=\"li3\"><span class=\"s4\">Current lap distance<\/span><\/li>\n<li class=\"li3\"><span class=\"s4\">Teljes megtett t\u00e1vols\u00e1g<\/span><\/li>\n<li class=\"li3\"><span class=\"s4\">Pulzus (bluetooth pulzusp\u00e1nt sz\u00fcks\u00e9ges)<\/span><\/li>\n<li>User programed workout display<\/li>\n<li>Elv\u00e9gzett edz\u00e9sek mentett statisztik\u00e1i<\/li>\n<\/ul>\n<\/div>\n<\/div>\n<\/div>","protected":false},"excerpt":{"rendered":"<div class=\"page\" title=\"Page 2\">\n<div class=\"layoutArea\">\n<div class=\"column\">\n<ul class=\"ul1\">\n<li class=\"li1\"><span class=\"s2\">Dynamic movement platform with 80 cm range of motion<\/span><\/li>\n<li class=\"li1\"><span class=\"s2\">Materials: steel frame, aluminum rollers, carbon paddle shaft<\/span><\/li>\n<li class=\"li1\"><span class=\"s2\">Galvanized steel surface<\/span><\/li>\n<li class=\"li1\"><span class=\"s2\">Leveg\u0151 ellen\u00e1ll\u00e1sos lendker\u00e9k, \u00e1ll\u00edthat\u00f3 ellen\u00e1ll\u00e1s<\/span><\/li>\n<li class=\"li1\"><span class=\"s2\">Weight: 80 kg<\/span><\/li>\n<li class=\"li1\"><span class=\"s2\">Length, height, width: 3.3 m \u00d7 1 m \u00d7 0.5 m<\/span><\/li>\n<li class=\"li1\"><span class=\"s2\">Safe working area (length, height, width): 3.3 m \u00d7 2 m \u00d7 1.5 m<\/span><\/li>\n<li class=\"li1\"><span class=\"s2\">1.15-1.25 m long carbon adjustable length paddle shaft<\/span><\/li>\n<li class=\"li1\"><span class=\"s2\">Ipari min\u0151s\u00e9g\u0171 csap\u00e1gyak<\/span><\/li>\n<li class=\"li1\"><span class=\"s2\">Csak belt\u00e9rben, es\u0151t\u0151l \u00e9s p\u00e1r\u00e1t\u00f3l v\u00e9dve t\u00e1rolhat\u00f3 \u00e9s haszn\u00e1lhat\u00f3<\/span><\/li>\n<\/ul>\n<\/div>\n<\/div>\n<\/div>","protected":false},"featured_media":9381,"template":"","meta":[],"product_cat":[87],"product_tag":[],"_links":{"self":[{"href":"https:\/\/olddanube.com\/hu\/wp-json\/wp\/v2\/product\/7553"}],"collection":[{"href":"https:\/\/olddanube.com\/hu\/wp-json\/wp\/v2\/product"}],"about":[{"href":"https:\/\/olddanube.com\/hu\/wp-json\/wp\/v2\/types\/product"}],"wp:featuredmedia":[{"embeddable":true,"href":"https:\/\/olddanube.com\/hu\/wp-json\/wp\/v2\/media\/9381"}],"wp:attachment":[{"href":"https:\/\/olddanube.com\/hu\/wp-json\/wp\/v2\/media?parent=7553"}],"wp:term":[{"taxonomy":"product_cat","embeddable":true,"href":"https:\/\/olddanube.com\/hu\/wp-json\/wp\/v2\/product_cat?post=7553"},{"taxonomy":"product_tag","embeddable":true,"href":"https:\/\/olddanube.com\/hu\/wp-json\/wp\/v2\/product_tag?post=7553"}],"curies":[{"name":"wp","href":"https:\/\/api.w.org\/{rel}","templated":true}]}}