{"id":9524,"date":"2023-01-08T15:54:32","date_gmt":"2023-01-08T15:54:32","guid":{"rendered":"https:\/\/olddanube.com\/termek\/old-danube-kajak-ergometer-2023\/"},"modified":"2026-01-19T13:18:18","modified_gmt":"2026-01-19T13:18:18","slug":"old-danube-kayak-ergometer","status":"publish","type":"product","link":"https:\/\/olddanube.com\/hu\/termek\/old-danube-kayak-ergometer\/","title":{"rendered":"Old Danube kayak ergometer"},"content":{"rendered":"<h2 id=\"tw-target-text\" class=\"tw-data-text tw-text-large XcVN5d tw-ta\" dir=\"ltr\" data-placeholder=\"Ford\u00edt\u00e1s\"><span lang=\"en\">Term\u00e9k tulajdons\u00e1gok \u00e9s applik\u00e1ci\u00f3<\/span><\/h2>\n<h4 class=\"p2\"><span class=\"s2\"><b>Ergoholic app:<\/b><\/span><\/h4>\n<p>Ergoholic egy remek t\u00e1rs az edz\u00e9seid hat\u00e9kony elv\u00e9gz\u00e9s\u00e9hez ak\u00e1r otthon, az egyes\u00fcletedben, vagy edz\u0151teremben. Az Ergoholic app folyamatosan mutatja az inform\u00e1ci\u00f3kat ahhoz, hogy a legjobbadat tudd ny\u00fajtani az Old Danube ergom\u00e9tereden. Tervezd meg el\u0151re az edz\u00e9seidet, ha jobban szereted a vezetett edz\u00e9seket! \u00c1ll\u00edtsd be a saj\u00e1t c\u00e9ljaidat, vagy t\u00f6rekedj a kit\u0171z\u0151k megszerz\u00e9s\u00e9re! N\u00e9zd vissza az elv\u00e9gzett edz\u00e9seid adatait \u00e9s grafikonjait. K\u00f6nnyen csatlakoztathatod az Old Danube ergom\u00e9tered az apphoz, hiszen csak a felszerelt bluetooth szenzorokat kell be\u00e1ll\u00edtanod. Kompatibilis pulzus p\u00e1ntodat szint\u00e9n hozz\u00e1rendelheted!<\/p>\n<ul class=\"ul1\">\n<li class=\"li3\"><span class=\"s4\">Sebess\u00e9g \u00e9s t\u00e1vols\u00e1g sz\u00e1m\u00edt\u00e1sa a rotor fordulatsz\u00e1m\u00e1b\u00f3l<\/span><\/li>\n<li>Csap\u00e1ssz\u00e1m m\u00e9r\u00e9se bluetooth ped\u00e1lfordulatsz\u00e1m szenzorral<\/li>\n<li>Opcion\u00e1lis: pulzussz\u00e1m m\u00e9r\u00e9se bluetooth HR p\u00e1nttal<\/li>\n<li>Assembly and user&#8217;s manual: <a href=\"https:\/\/drive.google.com\/file\/d\/1WKfmC-jlOGtJ-LuWOlBGcurlIhSWmcpC\/view?usp=sharing\">open this link for PDF manual<\/a><br \/>\n<h2 id=\"tw-target-text\" class=\"tw-data-text tw-text-large XcVN5d tw-ta\" dir=\"ltr\" data-placeholder=\"Ford\u00edt\u00e1s\"><\/h2>\n<p><span lang=\"en\"><a href=\"https:\/\/apps.apple.com\/hu\/app\/ergoholic\/id1588928549\"><img loading=\"lazy\" class=\"aligncenter wp-image-9417 size-medium\" src=\"https:\/\/olddanube.com\/wp-content\/uploads\/2021\/11\/Ergoholic_QR_matrica_horizontal-removebg-2-300x153.png\" alt=\"\" width=\"300\" height=\"153\" srcset=\"https:\/\/olddanube.com\/wp-content\/uploads\/2021\/11\/Ergoholic_QR_matrica_horizontal-removebg-2-300x153.png 300w, https:\/\/olddanube.com\/wp-content\/uploads\/2021\/11\/Ergoholic_QR_matrica_horizontal-removebg-2-600x307.png 600w, https:\/\/olddanube.com\/wp-content\/uploads\/2021\/11\/Ergoholic_QR_matrica_horizontal-removebg-2.png 698w\" sizes=\"(max-width: 300px) 100vw, 300px\" \/><\/a><\/span><\/li>\n<\/ul>\n<p class=\"p2\"><span class=\"s2\">A megjelen\u00edthet\u0151 edz\u00e9s adatok az Ergoholic (iOS) app-ban:<\/span><\/p>\n<ul class=\"ul1\">\n<li>Pillanatnyi sebess\u00e9g<\/li>\n<li>\u00c1tlagos sebess\u00e9g<\/li>\n<li>Pillanatnyi temp\u00f3<\/li>\n<li>Pillanatnyi csap\u00e1ssz\u00e1m<\/li>\n<li class=\"li3\"><span class=\"s4\">Aktu\u00e1lis k\u00f6rid\u0151 a vezetett edz\u00e9s m\u00f3dban<\/span><\/li>\n<li class=\"li3\"><span class=\"s4\">Aktu\u00e1lis k\u00f6r t\u00e1vols\u00e1g a vezetett edz\u00e9s m\u00f3dban<\/span><\/li>\n<li class=\"li3\"><span class=\"s4\">Teljes megtett t\u00e1vols\u00e1g<\/span><\/li>\n<li><span class=\"s4\">Vezetett edz\u00e9s t\u00e1v teljes\u00edt\u00e9sjelz\u0151 s\u00e1v<\/span><\/li>\n<li class=\"li3\"><span class=\"s4\">Pulzus (bluetooth pulzusp\u00e1nt sz\u00fcks\u00e9ges)<\/span><\/li>\n<li>Egy\u00e9ni edz\u00e9s megjelen\u00edt\u00e9se (vezetett edz\u00e9s m\u00f3d)<\/li>\n<li>Elv\u00e9gzett edz\u00e9sek mentett statisztik\u00e1i<\/li>\n<\/ul>\n<h4>Term\u00e9k jellemz\u0151i:<\/h4>\n<ul class=\"ul1\">\n<li class=\"li3\"><span class=\"s2\">Hossz\u00fas\u00e1g, sz\u00e9less\u00e9g, magass\u00e1g: 2,1 m \u00d7 0,5 m \u00d7 1 m<\/span><\/li>\n<li class=\"li3\"><span class=\"s2\">Helyig\u00e9ny haszn\u00e1ltkor (hossz\u00fas\u00e1g, sz\u00e9less\u00e9g, magass\u00e1g): 3 m \u00d7 1,8 m \u00d7 2 m<\/span><\/li>\n<li><span class=\"s2\">Edz\u0151g\u00e9p t\u00f6mege: 55 kg<\/span><\/li>\n<li><span class=\"s1\">Megjelen\u00edthet\u0151 edz\u00e9s adatok az Ergoholic (iOS) app-ban<\/span><\/li>\n<li><span class=\"s1\">Garmin sebess\u00e9g \u00e9s ped\u00e1lfordulat szenzor a csomag r\u00e9sze<\/span><\/li>\n<li>A g\u00f6rg\u0151k magass\u00e1ga \u00e1ll\u00edthat\u00f3 25 cm-es tartom\u00e1nyban<\/li>\n<li>\u00dcl\u00e9s t\u00e1vols\u00e1g\u00e1nak \u00e1ll\u00edt\u00e1sa egy mozdulattal, prec\u00edz aluminium s\u00ednen<\/li>\n<li class=\"li3\"><span class=\"s2\">Anyaga: ac\u00e9l \u00e9s aluminium v\u00e1z, alum\u00ednium g\u00f6rg\u0151k, karbon \u00fcl\u00e9s, karbon lap\u00e1tny\u00e9l, 3D nyomtatott egyedi alkatr\u00e9szek<\/span><\/li>\n<li class=\"li3\">Horganyzott ac\u00e9l fel\u00fclet, anodiz\u00e1lt aluminium fel\u00fclet<\/li>\n<li class=\"li3\"><span class=\"s2\">Leveg\u0151 ellen\u00e1ll\u00e1sos lendker\u00e9k, optimaliz\u00e1lt \u00e1raml\u00e1ssal, 3D nyomtatott sz\u00e1rnyprofil lap\u00e1tokkal, \u00e1ll\u00edthat\u00f3 ellen\u00e1ll\u00e1ssal<\/span><\/li>\n<li class=\"li3\"><span class=\"s2\">Szersz\u00e1mok n\u00e9lk\u00fcl \u00e1ll\u00edthat\u00f3 \u00fcl\u00e9smagass\u00e1g \u00e9s t\u00e1vols\u00e1g. Nelo \u00fcl\u00e9s is felszerelhet\u0151<\/span><\/li>\n<li class=\"li3\"><span class=\"s2\">Szersz\u00e1mok n\u00e9lk\u00fcl \u00e1ll\u00edthat\u00f3 l\u00e1bt\u00e1masz t\u00e1vols\u00e1g \u00e9s d\u0151l\u00e9ssz\u00f6g. Nelo gurtni felszerelhet\u0151<\/span><\/li>\n<li class=\"li3\"><span class=\"s2\">Szersz\u00e1mok n\u00e9lk\u00fcl \u00e1ll\u00edthat\u00f3 hossz\u00fas\u00e1g\u00fa 160-170 cm hossz\u00fa karbon lap\u00e1tny\u00e9l<\/span><\/li>\n<li class=\"li3\"><span class=\"s2\">K\u00f6nnyen sz\u00e1ll\u00edthat\u00f3, sz\u00e9tszerelhet\u0151 v\u00e1z<\/span><\/li>\n<li class=\"li3\"><span class=\"s2\">Ipari min\u0151s\u00e9g\u0171 csap\u00e1gyak<\/span><\/li>\n<li class=\"li3\"><span class=\"s2\">Csak belt\u00e9rben, es\u0151t\u0151l \u00e9s p\u00e1r\u00e1t\u00f3l v\u00e9dve t\u00e1rolhat\u00f3 \u00e9s haszn\u00e1lhat\u00f3<\/span><\/li>\n<\/ul>\n<p>K\u00f6sz\u00f6nj\u00fck, hogy az Old Danube ergom\u00e9tert v\u00e1lasztottad az edz\u00e9seidhez!<\/p>","protected":false},"excerpt":{"rendered":"<p>Az Old Danube edz\u0151g\u00e9pek a legjobb min\u0151s\u00e9get k\u00e9pviselik minden r\u00e9szlet\u00fckben, kiv\u00e1l\u00f3 edz\u00e9si lehet\u0151s\u00e9get ny\u00fajtva ak\u00e1r a legmagasabb szinten versenyz\u0151knek. Lehet\u0151v\u00e9 teszi, hogy otthon edz, \u00edgy olyan mint egy belt\u00e9ri versenyhaj\u00f3. A legf\u0151bb c\u00e9lunk az, hogy a v\u00edzen evez\u00e9shez legk\u00f6zelebbi \u00e9rz\u00e9st adjuk. A szem\u00e9lyre szabhat\u00f3 be\u00e1ll\u00edt\u00e1si lehet\u0151s\u00e9gek hozz\u00e1seg\u00edtenek a legjobb edz\u00e9shat\u00e1s el\u00e9r\u00e9s\u00e9hez! A l\u00e1bt\u00e1masz, lap\u00e1tny\u00e9l hossz, \u00fcl\u00e9s magass\u00e1g \u00e9s az evez\u00e9s ellen\u00e1ll\u00e1sa mind \u00e1ll\u00edthat\u00f3. A saj\u00e1t Ergoholic applik\u00e1ci\u00f3nk (iOS) pontos visszajelz\u00e9st ny\u00fajt az edz\u00e9sedr\u0151l \u00e9s a fejl\u0151d\u00e9sedr\u0151l. Ez egy k\u00e9zm\u0171ves odafigyel\u00e9ssel k\u00e9sz\u00edtett edz\u0151 eszk\u00f6z, addig fejlesztve \u00e9s hangolva, hogy mostanra nagyon j\u00f3l hasonl\u00edt a v\u00edzi evez\u00e9sre \u00e9rz\u00e9s \u00e9s hat\u00e9konys\u00e1g tekintet\u00e9ben is.<\/p>\n<div class=\"wpb_column vc_column_container vc_col-sm-7 vc_col-has-fill\">\n<div class=\"vc_column-inner vc_custom_1568055383003\">\n<div class=\"wpb_wrapper\"><\/div>\n<\/div>\n<\/div>","protected":false},"featured_media":9529,"template":"","meta":[],"product_cat":[87,85],"product_tag":[],"_links":{"self":[{"href":"https:\/\/olddanube.com\/hu\/wp-json\/wp\/v2\/product\/9524"}],"collection":[{"href":"https:\/\/olddanube.com\/hu\/wp-json\/wp\/v2\/product"}],"about":[{"href":"https:\/\/olddanube.com\/hu\/wp-json\/wp\/v2\/types\/product"}],"wp:featuredmedia":[{"embeddable":true,"href":"https:\/\/olddanube.com\/hu\/wp-json\/wp\/v2\/media\/9529"}],"wp:attachment":[{"href":"https:\/\/olddanube.com\/hu\/wp-json\/wp\/v2\/media?parent=9524"}],"wp:term":[{"taxonomy":"product_cat","embeddable":true,"href":"https:\/\/olddanube.com\/hu\/wp-json\/wp\/v2\/product_cat?post=9524"},{"taxonomy":"product_tag","embeddable":true,"href":"https:\/\/olddanube.com\/hu\/wp-json\/wp\/v2\/product_tag?post=9524"}],"curies":[{"name":"wp","href":"https:\/\/api.w.org\/{rel}","templated":true}]}}